{"id":900,"date":"2016-09-29T10:41:54","date_gmt":"2016-09-29T09:41:54","guid":{"rendered":"http:\/\/barbarapeonia.hyst.eu\/?page_id=900"},"modified":"2017-11-27T12:50:21","modified_gmt":"2017-11-27T11:50:21","slug":"viaggio-surrealista","status":"publish","type":"page","link":"https:\/\/barbarapeonia.it\/it\/viaggio-surrealista\/","title":{"rendered":"Viaggio surrealista dentro me stessa"},"content":{"rendered":"<p><br \/>\n<img data-attachment-id=\"1158\" data-permalink=\"https:\/\/barbarapeonia.it\/it\/viaggio-surrealista\/viaggio_surrealista\/\" data-orig-file=\"https:\/\/i1.wp.com\/barbarapeonia.hyst.eu\/wp-content\/uploads\/sites\/13\/2016\/09\/viaggio_surrealista.jpg?fit=1440%2C816&amp;ssl=1\" data-orig-size=\"1440,816\" data-comments-opened=\"0\" data-image-meta=\"{&quot;aperture&quot;:&quot;1.9&quot;,&quot;credit&quot;:&quot;&quot;,&quot;camera&quot;:&quot;SM-G925F&quot;,&quot;caption&quot;:&quot;&quot;,&quot;created_timestamp&quot;:&quot;0&quot;,&quot;copyright&quot;:&quot;&quot;,&quot;focal_length&quot;:&quot;4.3&quot;,&quot;iso&quot;:&quot;40&quot;,&quot;shutter_speed&quot;:&quot;0.0017&quot;,&quot;title&quot;:&quot;&quot;,&quot;orientation&quot;:&quot;1&quot;}\" data-image-title=\"viaggio_surrealista\" data-image-description=\"\" data-image-caption=\"\" data-medium-file=\"https:\/\/i1.wp.com\/barbarapeonia.hyst.eu\/wp-content\/uploads\/sites\/13\/2016\/09\/viaggio_surrealista.jpg?fit=300%2C170&amp;ssl=1\" data-large-file=\"https:\/\/i1.wp.com\/barbarapeonia.hyst.eu\/wp-content\/uploads\/sites\/13\/2016\/09\/viaggio_surrealista.jpg?fit=1024%2C580&amp;ssl=1\" loading=\"lazy\" src=\"\/wp-content\/uploads\/sites\/13\/2016\/09\/viaggio_surrealista.jpg\" alt=\"\" width=\"740\" height=\"419\" class=\"alignnone size-full wp-image-1158\" srcset=\"https:\/\/i1.wp.com\/barbarapeonia.hyst.eu\/wp-content\/uploads\/sites\/13\/2016\/09\/viaggio_surrealista.jpg?w=1440&amp;ssl=1 1440w, https:\/\/i1.wp.com\/barbarapeonia.hyst.eu\/wp-content\/uploads\/sites\/13\/2016\/09\/viaggio_surrealista.jpg?resize=300%2C170&amp;ssl=1 300w, https:\/\/i1.wp.com\/barbarapeonia.hyst.eu\/wp-content\/uploads\/sites\/13\/2016\/09\/viaggio_surrealista.jpg?resize=768%2C435&amp;ssl=1 768w, https:\/\/i1.wp.com\/barbarapeonia.hyst.eu\/wp-content\/uploads\/sites\/13\/2016\/09\/viaggio_surrealista.jpg?resize=1024%2C580&amp;ssl=1 1024w\" sizes=\"(max-width: 740px) 100vw, 740px\" \/>Ricerco attraverso l\u2019arte.<br \/>\nViaggio all\u2019interno di me stessa per esplorare Dimensioni che solitamente non uso frequentare.<br \/>\nSono Dimensioni sconosciute, \u201cstanze\u201d disabitate ma piene di luce e di informazioni.<br \/>\nAncor pi\u00f9 bello sarebbe recarsi in Spazi aperti, grandi vallate dove non c\u2019\u00e8 individualit\u00e0, non c\u2019\u00e8 \u201cio\u201d quale espressione di separazione, ma solo Unit\u00e0.<br \/>\nNell\u2019opera, l\u2019artista racconta se stesso, ma chi \u00e8 in grado di analizzarlo oggettivamente senza reinterpretarlo? Solo chi, nudo, perde se stesso, la propria identit\u00e0.<br \/>\nLa psicologia solo in piccola parte pu\u00f2 leggere il linguaggio interiore dell\u2019artista. I messaggi sono a livello conscio a volte, inconscio altre, di natura mentale e intellettuale fino\u2026 a espressioni di natura molto sottile, comunque difficilmente riconoscibili da una mente strutturata in schemi rigidi, in quanto non vi \u00e8 una Visione limpida e oggettiva.<br \/>\nL\u2019artista che esprime veramente se stesso non racconta tramite processi mentali, perch\u00e9 sa che la comunicazione viaggia a Dimensioni molto pi\u00f9 sottili ed \u00e8 espressione pura, non contaminata da pensieri di natura essenzialmente grezza.<\/p>\n<p>Il Viaggio inizia ogni volta che l\u2019artista si pone davanti la sua tela bianca e inizia a esplorare le proprie \u201cstanze\u201d, si libera di tutte le sovrastrutture utili solo alla sopravvivenza nel mondo illusorio delle apparenze, e approda a una Realt\u00e0 multidimensionale ubicata in diversi piani vibrazionali lungi dal tempo.<br \/>\nNel raccontare i vari piani, il protagonista \u00e8 sempre l\u2019Essere \u201cdivinizzato\u201d che a me piace definire \u201cPerfetto\u201d. Egli vive la sua Natura Eterna nella quiete di una Realt\u00e0 senza tempo. \u00c8 sempre alla ricerca della Perfezione, ma ne possiede gi\u00e0 il seme.<\/p>\n<p>Le figure prendono vita nei Teatri-Universi che gridano l\u2019Eternit\u00e0 delle esistenze. Siamo Noi!<br \/>\nPasseggeri eterni che viaggiano di Universo in Universo alla ricerca dell\u2019Unit\u00e0.<br \/>\nL\u2019essere che invece non accede a tale condizione \u00e8 frammentato in s\u00e9 e vive isolato nel dolore ideato dai flussi grezzi di energia che si generano dai pensieri. Credendo a tutto ci\u00f2 perde di vista se stesso e la propria natura essenziale. \u00c8 la natura Perfetta, che ogni essere possiede, ed \u00e8 ricongiunta al Tutto.<\/p>\n<p>Il Simbolismo viene spesso raccontato in chiave moderna con riferimenti scientifici e a volte filosofici.<br \/>\nIl messaggio viaggia nelle dimensioni simboliche della Realt\u00e0 oggettiva ed \u00e8 solitamente nascosto all\u2019evidenza della mente. \u00c8 possibile decodificarlo ma solo attraverso l\u2019Intelletto, quel fodero dell\u2019essere contenitore di informazioni che si propagano attraverso lampi\/luce, oltrepassando completamente il linguaggio verbale.<\/p>\n<p>Il Surrealismo accompagna l\u2019essere nella Realt\u00e0 quantica, dove \u00e8 possibile rappresentare se stessi in un Teatro che vive a tempo zero. Come in una scacchiera, la vita si manifesta in un percorso dualistico rappresentato dal bianco e dal nero, dal bene e dal male, dallo yin e dallo yang. Tutto per\u00f2 per procedere sempre verso l\u2019Uno o nelle Dimensioni dove il tempo non esiste e non \u00e8 necessario creare illusioni, dando vita a personaggi illusori messi in ombra dalle proprie maschere.<br \/>\nIl volto \u00e8 sincero, non \u00e8 costretto a recitare una parte che gli fa dimenticare la sua vera Natura.<br \/>\nLa dimensione Surreale Quantica non ha veli, pertanto si manifesta senza contaminazioni.<br \/>\nL\u2019attore ha imparato a fare se stesso, si \u00e8 \u201cDivinizzato\u201d.<\/p>\n<p>Le figure femminili sono spesso le protagoniste della scena e si manifestano come creature Divinizzate consapevoli. Rappresentanti della loro natura eterna e Vuota, simboleggiano la non-forma e la Vacuit\u00e0 da dove tutto prende vita, la Creazione contenitrice. La sua figura apparentemente delicata esprime tutta la sua forza, la sua bellezza quantica e raffinata, originata da consapevolezze profonde che non appartengono al mondo fisico, ma alla Natura Spirituale. Vive la sua natura mortale consapevole di essere una passeggera in transito di un viaggio eterno e a cui non \u00e8 permesso aggrapparsi ad alcunch\u00e9.<br \/>\nLe figure maschili sono i rappresentanti simbolici dell\u2019espressione nella forma; si accostano spesso a quelle femminili per cercare la completezza e l\u2019Unione Noumenica di Natura Perfetta.<\/p>\n<p>Le dimensioni rappresentate vivono a diverse frequenze, da quelle pi\u00f9 grezze, quindi legate alla materia fisica, a quelle pi\u00f9 Sottili e Spirituali appartenenti al Cielo.<br \/>\nTra terra e Cielo spesso c\u2019\u00e8 una \u201czona scura\u201d, uno squarcio che simbolicamente rappresenta la Dimensione a Tempo Zero dove l\u2019energia viaggia a velocit\u00e0 infinita.<br \/>\nTerra e Cielo sono il palcoscenico di un Teatro-Universo in cui vengono ambientati fotogrammi eterni di un personaggio che contiene in s\u00e9 il seme della Perfezione. In questi fotogrammi l\u2019essere osserva se stesso nella sua graduale evoluzione, la sua vita, il cammino che lo conduce alla meta.<br \/>\nIl teatro vive di aspetti fenomenici della natura della creazione che \u00e8 contemporaneamente pervasa da una natura Noumenica contenente le leggi che la governano. Le Leggi viaggiano lungo una trama che pervade tutto l\u2019Universo e sono di Natura Perfetta, non discutibili. A volte la natura fenomenica sembra essere l\u2019unica protagonista perch\u00e9 si mostra pi\u00f9 evidente agli occhi dell\u2019osservatore, ma la natura determinante \u00e8 quella Vuota o Noumenica essendo essa l\u2019essenza della Realt\u00e0.<br \/>\nL\u2019essere vive in s\u00e9 tutto l\u2019Universo, contenendolo in un punto. \u00c8 il suo Specchio dell\u2019Anima.<br \/>\nEgli possiede la stessa natura dualistica dell\u2019Universo, fenomeno-Noumeno (forma-non forma), ma \u00e8 portato generalmente a rappresentarsi con la parte fenomenica, nascondendo quella pi\u00f9 Sottile.<\/p>\n<p>Attraverso l\u2019Universo Surrealista il protagonista affronta un viaggio che lo conduce a Se stesso. Oltrepassando la fissit\u00e0 delle strutture mentali accede alla vera Natura Quantica. \u00c8 la Natura inconsistente, indefinibile e inafferrabile\u2026 Vive di Perfezione ed \u00e8 costantemente variabile, come uno stormo di uccelli nel cielo.<br \/>\nLa Bellezza Quantica \u00e8 una continua esigenza del neo Surrealismo. Si esprime ricercando gli equilibri e rispettando le regole dell\u2019Armonia.<br \/>\n<\/p>\n<p><\/p>\n<p><\/p>\n<div class=\"sharedaddy sd-sharing-enabled\"><div class=\"robots-nocontent sd-block sd-social sd-social-official sd-sharing\"><div class=\"sd-content\"><ul><li class=\"share-facebook\"><div class=\"fb-share-button\" data-href=\"https:\/\/barbarapeonia.it\/it\/viaggio-surrealista\/\" data-layout=\"button_count\"><\/div><\/li><li class=\"share-pinterest\"><div class=\"pinterest_button\"><a href=\"https:\/\/www.pinterest.com\/pin\/create\/button\/?url=https%3A%2F%2Fbarbarapeonia.it%2Fit%2Fviaggio-surrealista%2F&#038;media=%2Fwp-content%2Fuploads%2Fsites%2F13%2F2016%2F09%2Fviaggio_surrealista.jpg&#038;description=%5B%3Ait%5DViaggio%20surrealista%20dentro%20me%20stessa%5B%3Aen%5DSurrealist%20journey%20within%20myself%5B%3Afr%5DVoyage%20surr%C3%A9alist%20en%20moi-m%C3%AAme%5B%3A%5D\" data-pin-do=\"buttonPin\" data-pin-config=\"beside\"><img src=\"https:\/\/i2.wp.com\/assets.pinterest.com\/images\/pidgets\/pinit_fg_en_rect_gray_20.png\" data-recalc-dims=\"1\" \/><\/a><\/div><\/li><li class=\"share-twitter\"><a href=\"https:\/\/twitter.com\/share\" class=\"twitter-share-button\" data-url=\"https:\/\/barbarapeonia.it\/it\/viaggio-surrealista\/\" data-text=\"Viaggio surrealista dentro me stessa\"  >Tweet<\/a><\/li><li class=\"share-email\"><a rel=\"nofollow noopener noreferrer\" data-shared=\"\" class=\"share-email sd-button\" href=\"https:\/\/barbarapeonia.it\/it\/viaggio-surrealista\/?share=email\" target=\"_blank\" title=\"Fai clic qui per inviare l'articolo via mail ad un amico\"><span>E-mail<\/span><\/a><\/li><li class=\"share-end\"><\/li><\/ul><\/div><\/div><\/div>","protected":false},"excerpt":{"rendered":"<p>Ricerco attraverso l\u2019arte. Viaggio all\u2019interno di me stessa per esplorare Dimensioni che solitamente non uso frequentare. Sono Dimensioni sconosciute, \u201cstanze\u201d disabitate ma piene di luce e di informazioni. Ancor pi\u00f9 bello sarebbe recarsi in Spazi aperti, grandi vallate dove non c\u2019\u00e8 individualit\u00e0, non c\u2019\u00e8 \u201cio\u201d quale espressione di separazione, ma solo Unit\u00e0. Nell\u2019opera, l\u2019artista racconta [&hellip;]<\/p>\n<div class=\"sharedaddy sd-sharing-enabled\"><div class=\"robots-nocontent sd-block sd-social sd-social-official sd-sharing\"><div class=\"sd-content\"><ul><li class=\"share-facebook\"><div class=\"fb-share-button\" data-href=\"https:\/\/barbarapeonia.it\/it\/viaggio-surrealista\/\" data-layout=\"button_count\"><\/div><\/li><li class=\"share-pinterest\"><div class=\"pinterest_button\"><a href=\"https:\/\/www.pinterest.com\/pin\/create\/button\/?url=https%3A%2F%2Fbarbarapeonia.it%2Fit%2Fviaggio-surrealista%2F&#038;media=%2Fwp-content%2Fuploads%2Fsites%2F13%2F2016%2F09%2Fviaggio_surrealista.jpg&#038;description=%5B%3Ait%5DViaggio%20surrealista%20dentro%20me%20stessa%5B%3Aen%5DSurrealist%20journey%20within%20myself%5B%3Afr%5DVoyage%20surr%C3%A9alist%20en%20moi-m%C3%AAme%5B%3A%5D\" data-pin-do=\"buttonPin\" data-pin-config=\"beside\"><img src=\"\/\/assets.pinterest.com\/images\/pidgets\/pinit_fg_en_rect_gray_20.png\" \/><\/a><\/div><\/li><li class=\"share-twitter\"><a href=\"https:\/\/twitter.com\/share\" class=\"twitter-share-button\" data-url=\"https:\/\/barbarapeonia.it\/it\/viaggio-surrealista\/\" data-text=\"[:it]Viaggio surrealista dentro me stessa[:en]Surrealist journey within myself[:fr]Voyage surr\u00e9alist en moi-m\u00eame[:]\"  >Tweet<\/a><\/li><li class=\"share-email\"><a rel=\"nofollow noopener noreferrer\" data-shared=\"\" class=\"share-email sd-button\" href=\"https:\/\/barbarapeonia.it\/it\/viaggio-surrealista\/?share=email\" target=\"_blank\" title=\"Fai clic qui per inviare l'articolo via mail ad un amico\"><span>E-mail<\/span><\/a><\/li><li class=\"share-end\"><\/li><\/ul><\/div><\/div><\/div>","protected":false},"author":1,"featured_media":0,"parent":0,"menu_order":0,"comment_status":"closed","ping_status":"closed","template":"","meta":{"om_disable_all_campaigns":false,"_monsterinsights_skip_tracking":false,"_monsterinsights_sitenote_active":false,"_monsterinsights_sitenote_note":"","_monsterinsights_sitenote_category":0,"ngg_post_thumbnail":0,"spay_email":""},"yoast_head":"<!-- This site is optimized with the Yoast SEO plugin v18.4.1 - https:\/\/yoast.com\/wordpress\/plugins\/seo\/ -->\n<title>Viaggio surrealista dentro me stessa &ndash; Barbara Peonia<\/title>\n<meta name=\"robots\" content=\"index, follow, max-snippet:-1, max-image-preview:large, max-video-preview:-1\" \/>\n<link rel=\"canonical\" href=\"https:\/\/barbarapeonia.it\/it\/viaggio-surrealista\/\" \/>\n<meta property=\"og:locale\" content=\"it_IT\" \/>\n<meta property=\"og:type\" content=\"article\" \/>\n<meta property=\"og:title\" content=\"[:it]Viaggio surrealista dentro me stessa[:en]Surrealist journey within myself[:fr]Voyage surr\u00e9alist en moi-m\u00eame[:] &ndash; Barbara Peonia\" \/>\n<meta property=\"og:description\" content=\"Ricerco attraverso l\u2019arte. Viaggio all\u2019interno di me stessa per esplorare Dimensioni che solitamente non uso frequentare. Sono Dimensioni sconosciute, \u201cstanze\u201d disabitate ma piene di luce e di informazioni. Ancor pi\u00f9 bello sarebbe recarsi in Spazi aperti, grandi vallate dove non c\u2019\u00e8 individualit\u00e0, non c\u2019\u00e8 \u201cio\u201d quale espressione di separazione, ma solo Unit\u00e0. Nell\u2019opera, l\u2019artista racconta [&hellip;]\" \/>\n<meta property=\"og:url\" content=\"https:\/\/barbarapeonia.it\/it\/viaggio-surrealista\/\" \/>\n<meta property=\"og:site_name\" content=\"Barbara Peonia\" \/>\n<meta property=\"article:publisher\" content=\"https:\/\/www.facebook.com\/profile.php?id=100009166722767\" \/>\n<meta property=\"article:modified_time\" content=\"2017-11-27T11:50:21+00:00\" \/>\n<meta property=\"og:image\" content=\"https:\/\/barbarapeonia.it\/wp-content\/uploads\/sites\/13\/2016\/09\/viaggio_surrealista.jpg\" \/>\n<meta name=\"twitter:card\" content=\"summary\" \/>\n<meta name=\"twitter:label1\" content=\"Tempo di lettura stimato\" \/>\n\t<meta name=\"twitter:data1\" content=\"15 minuti\" \/>\n<script type=\"application\/ld+json\" class=\"yoast-schema-graph\">{\"@context\":\"https:\/\/schema.org\",\"@graph\":[{\"@type\":\"WebSite\",\"@id\":\"https:\/\/barbarapeonia.it\/#website\",\"url\":\"https:\/\/barbarapeonia.it\/\",\"name\":\"Barbara Peonia\",\"description\":\"\",\"potentialAction\":[{\"@type\":\"SearchAction\",\"target\":{\"@type\":\"EntryPoint\",\"urlTemplate\":\"https:\/\/barbarapeonia.it\/?s={search_term_string}\"},\"query-input\":\"required name=search_term_string\"}],\"inLanguage\":\"it-IT\"},{\"@type\":\"ImageObject\",\"@id\":\"https:\/\/barbarapeonia.it\/it\/viaggio-surrealista\/#primaryimage\",\"inLanguage\":\"it-IT\",\"url\":\"\/wp-content\/uploads\/sites\/13\/2016\/09\/viaggio_surrealista.jpg\",\"contentUrl\":\"\/wp-content\/uploads\/sites\/13\/2016\/09\/viaggio_surrealista.jpg\"},{\"@type\":\"WebPage\",\"@id\":\"https:\/\/barbarapeonia.it\/it\/viaggio-surrealista\/#webpage\",\"url\":\"https:\/\/barbarapeonia.it\/it\/viaggio-surrealista\/\",\"name\":\"[:it]Viaggio surrealista dentro me stessa[:en]Surrealist journey within myself[:fr]Voyage surr\u00e9alist en moi-m\u00eame[:] &ndash; Barbara Peonia\",\"isPartOf\":{\"@id\":\"https:\/\/barbarapeonia.it\/#website\"},\"primaryImageOfPage\":{\"@id\":\"https:\/\/barbarapeonia.it\/it\/viaggio-surrealista\/#primaryimage\"},\"datePublished\":\"2016-09-29T09:41:54+00:00\",\"dateModified\":\"2017-11-27T11:50:21+00:00\",\"breadcrumb\":{\"@id\":\"https:\/\/barbarapeonia.it\/it\/viaggio-surrealista\/#breadcrumb\"},\"inLanguage\":\"it-IT\",\"potentialAction\":[{\"@type\":\"ReadAction\",\"target\":[\"https:\/\/barbarapeonia.it\/it\/viaggio-surrealista\/\"]}]},{\"@type\":\"BreadcrumbList\",\"@id\":\"https:\/\/barbarapeonia.it\/it\/viaggio-surrealista\/#breadcrumb\",\"itemListElement\":[{\"@type\":\"ListItem\",\"position\":1,\"name\":\"Home\",\"item\":\"https:\/\/barbarapeonia.it\/\"},{\"@type\":\"ListItem\",\"position\":2,\"name\":\"Viaggio surrealista dentro me stessa\"}]}]}<\/script>\n<!-- \/ Yoast SEO plugin. -->","yoast_head_json":{"title":"[:it]Viaggio surrealista dentro me stessa[:en]Surrealist journey within myself[:fr]Voyage surr\u00e9alist en moi-m\u00eame[:] &ndash; Barbara Peonia","robots":{"index":"index","follow":"follow","max-snippet":"max-snippet:-1","max-image-preview":"max-image-preview:large","max-video-preview":"max-video-preview:-1"},"canonical":"https:\/\/barbarapeonia.it\/it\/viaggio-surrealista\/","og_locale":"it_IT","og_type":"article","og_title":"[:it]Viaggio surrealista dentro me stessa[:en]Surrealist journey within myself[:fr]Voyage surr\u00e9alist en moi-m\u00eame[:] &ndash; Barbara Peonia","og_description":"Ricerco attraverso l\u2019arte. Viaggio all\u2019interno di me stessa per esplorare Dimensioni che solitamente non uso frequentare. Sono Dimensioni sconosciute, \u201cstanze\u201d disabitate ma piene di luce e di informazioni. Ancor pi\u00f9 bello sarebbe recarsi in Spazi aperti, grandi vallate dove non c\u2019\u00e8 individualit\u00e0, non c\u2019\u00e8 \u201cio\u201d quale espressione di separazione, ma solo Unit\u00e0. Nell\u2019opera, l\u2019artista racconta [&hellip;]","og_url":"https:\/\/barbarapeonia.it\/it\/viaggio-surrealista\/","og_site_name":"Barbara Peonia","article_publisher":"https:\/\/www.facebook.com\/profile.php?id=100009166722767","article_modified_time":"2017-11-27T11:50:21+00:00","og_image":[{"url":"https:\/\/barbarapeonia.it\/wp-content\/uploads\/sites\/13\/2016\/09\/viaggio_surrealista.jpg"}],"twitter_card":"summary","twitter_misc":{"Tempo di lettura stimato":"15 minuti"},"schema":{"@context":"https:\/\/schema.org","@graph":[{"@type":"WebSite","@id":"https:\/\/barbarapeonia.it\/#website","url":"https:\/\/barbarapeonia.it\/","name":"Barbara Peonia","description":"","potentialAction":[{"@type":"SearchAction","target":{"@type":"EntryPoint","urlTemplate":"https:\/\/barbarapeonia.it\/?s={search_term_string}"},"query-input":"required name=search_term_string"}],"inLanguage":"it-IT"},{"@type":"ImageObject","@id":"https:\/\/barbarapeonia.it\/it\/viaggio-surrealista\/#primaryimage","inLanguage":"it-IT","url":"\/wp-content\/uploads\/sites\/13\/2016\/09\/viaggio_surrealista.jpg","contentUrl":"\/wp-content\/uploads\/sites\/13\/2016\/09\/viaggio_surrealista.jpg"},{"@type":"WebPage","@id":"https:\/\/barbarapeonia.it\/it\/viaggio-surrealista\/#webpage","url":"https:\/\/barbarapeonia.it\/it\/viaggio-surrealista\/","name":"[:it]Viaggio surrealista dentro me stessa[:en]Surrealist journey within myself[:fr]Voyage surr\u00e9alist en moi-m\u00eame[:] &ndash; Barbara Peonia","isPartOf":{"@id":"https:\/\/barbarapeonia.it\/#website"},"primaryImageOfPage":{"@id":"https:\/\/barbarapeonia.it\/it\/viaggio-surrealista\/#primaryimage"},"datePublished":"2016-09-29T09:41:54+00:00","dateModified":"2017-11-27T11:50:21+00:00","breadcrumb":{"@id":"https:\/\/barbarapeonia.it\/it\/viaggio-surrealista\/#breadcrumb"},"inLanguage":"it-IT","potentialAction":[{"@type":"ReadAction","target":["https:\/\/barbarapeonia.it\/it\/viaggio-surrealista\/"]}]},{"@type":"BreadcrumbList","@id":"https:\/\/barbarapeonia.it\/it\/viaggio-surrealista\/#breadcrumb","itemListElement":[{"@type":"ListItem","position":1,"name":"Home","item":"https:\/\/barbarapeonia.it\/"},{"@type":"ListItem","position":2,"name":"Viaggio surrealista dentro me stessa"}]}]}},"jetpack_sharing_enabled":true,"jetpack_shortlink":"https:\/\/wp.me\/P8OyqA-ew","_links":{"self":[{"href":"https:\/\/barbarapeonia.it\/it\/wp-json\/wp\/v2\/pages\/900"}],"collection":[{"href":"https:\/\/barbarapeonia.it\/it\/wp-json\/wp\/v2\/pages"}],"about":[{"href":"https:\/\/barbarapeonia.it\/it\/wp-json\/wp\/v2\/types\/page"}],"author":[{"embeddable":true,"href":"https:\/\/barbarapeonia.it\/it\/wp-json\/wp\/v2\/users\/1"}],"replies":[{"embeddable":true,"href":"https:\/\/barbarapeonia.it\/it\/wp-json\/wp\/v2\/comments?post=900"}],"version-history":[{"count":15,"href":"https:\/\/barbarapeonia.it\/it\/wp-json\/wp\/v2\/pages\/900\/revisions"}],"predecessor-version":[{"id":1177,"href":"https:\/\/barbarapeonia.it\/it\/wp-json\/wp\/v2\/pages\/900\/revisions\/1177"}],"wp:attachment":[{"href":"https:\/\/barbarapeonia.it\/it\/wp-json\/wp\/v2\/media?parent=900"}],"curies":[{"name":"wp","href":"https:\/\/api.w.org\/{rel}","templated":true}]}}