{"id":797,"date":"2016-05-06T13:52:52","date_gmt":"2016-05-06T12:52:52","guid":{"rendered":"http:\/\/barbarapeonia.hyst.eu\/?page_id=797"},"modified":"2017-11-29T12:24:06","modified_gmt":"2017-11-29T11:24:06","slug":"sul-concetto-di-bellezza","status":"publish","type":"page","link":"https:\/\/barbarapeonia.it\/it\/sul-concetto-di-bellezza\/","title":{"rendered":"Sul concetto di Bellezza"},"content":{"rendered":"<p><br \/>\n<img data-attachment-id=\"1147\" data-permalink=\"https:\/\/barbarapeonia.it\/it\/sul-concetto-di-bellezza\/bellezza\/\" data-orig-file=\"https:\/\/i1.wp.com\/barbarapeonia.hyst.eu\/wp-content\/uploads\/sites\/13\/2016\/05\/bellezza.jpg?fit=1498%2C929&amp;ssl=1\" data-orig-size=\"1498,929\" data-comments-opened=\"0\" data-image-meta=\"{&quot;aperture&quot;:&quot;0&quot;,&quot;credit&quot;:&quot;&quot;,&quot;camera&quot;:&quot;&quot;,&quot;caption&quot;:&quot;&quot;,&quot;created_timestamp&quot;:&quot;0&quot;,&quot;copyright&quot;:&quot;&quot;,&quot;focal_length&quot;:&quot;0&quot;,&quot;iso&quot;:&quot;0&quot;,&quot;shutter_speed&quot;:&quot;0&quot;,&quot;title&quot;:&quot;&quot;,&quot;orientation&quot;:&quot;0&quot;}\" data-image-title=\"bellezza\" data-image-description=\"\" data-image-caption=\"\" data-medium-file=\"https:\/\/i1.wp.com\/barbarapeonia.hyst.eu\/wp-content\/uploads\/sites\/13\/2016\/05\/bellezza.jpg?fit=300%2C186&amp;ssl=1\" data-large-file=\"https:\/\/i1.wp.com\/barbarapeonia.hyst.eu\/wp-content\/uploads\/sites\/13\/2016\/05\/bellezza.jpg?fit=1024%2C635&amp;ssl=1\" loading=\"lazy\" src=\"\/wp-content\/uploads\/sites\/13\/2016\/05\/bellezza.jpg\" alt=\"\" width=\"740\" height=\"459\" class=\"alignnone size-full wp-image-1147\" srcset=\"https:\/\/i1.wp.com\/barbarapeonia.hyst.eu\/wp-content\/uploads\/sites\/13\/2016\/05\/bellezza.jpg?w=1498&amp;ssl=1 1498w, https:\/\/i1.wp.com\/barbarapeonia.hyst.eu\/wp-content\/uploads\/sites\/13\/2016\/05\/bellezza.jpg?resize=300%2C186&amp;ssl=1 300w, https:\/\/i1.wp.com\/barbarapeonia.hyst.eu\/wp-content\/uploads\/sites\/13\/2016\/05\/bellezza.jpg?resize=768%2C476&amp;ssl=1 768w, https:\/\/i1.wp.com\/barbarapeonia.hyst.eu\/wp-content\/uploads\/sites\/13\/2016\/05\/bellezza.jpg?resize=1024%2C635&amp;ssl=1 1024w\" sizes=\"(max-width: 740px) 100vw, 740px\" \/>Esistono due tipi di bellezza: una \u00e8 di natura fenomenica, l\u2019altra Noumenica.<br \/>\nIn Pittura la Bellezza viene espressa da una ricerca di Equilibrio e Armonia attraverso l\u2019applicazione di regole di simmetria e proporzioni (Bellezza Classica).<\/p>\n<p>Spesso il concetto di bellezza viene inteso come qualcosa di soggettivo, relativo ai gusti personali di chi osserva. In realt\u00e0, la Bellezza \u00e8 al di l\u00e0 di un giudizio personale soggettivo. Stiamo parlando di quella Bellezza che possiamo definire Universale e intramontabile, non soggetta alle mode e alle tendenze del periodo storico. L&#8217;Universalit\u00e0 \u00e8 inscindibile dalle qualit\u00e0 di Amore, Grazia, Perfezione e Armonia che nell\u2019essere femminile si esprimono attraverso la Morbidezza e il Contenimento, nell\u2019essere maschile con la Spiritualit\u00e0 e la Dignit\u00e0.<\/p>\n<p>Nell\u2019arte moderna c\u2019\u00e8 stato uno stravolgimento del concetto di bellezza e sono andati persi gli ideali di Amore e Armonia. L\u2019Arte \u00e8 divenuta cos\u00ec un&#8217;espressione di identit\u00e0 mentali con la tendenza ad affermare la propria sfera dell\u2019io e quindi a raccontare una serie di realt\u00e0 deviate che non hanno niente di oggettivo n\u00e9 alcun collegamento con il Mondo Spirituale e Quantico.<\/p>\n<p>La bellezza fenomenica \u00e8 cos\u00ec mancante di tutte quelle componenti spirituali di Natura Superiore che permettono alla Bellezza Noumenica di Essere.<\/p>\n<p>L\u2019Arte moderna, priva di Bellezza Noumenica, si basa su un concetto di bellezza apparente che svuota la forma dai contenuti sottili e nulla vuole rappresentare se non una terapia psicologica fine a se stessa. La Bellezza Reale non pu\u00f2 essere privata del concetto di Amore, unico vero scopo dell\u2019Arte.<\/p>\n<p>L\u2019Arte del futuro, quella Quantica, sar\u00e0 pervasa da questa Bellezza Noumenica.<\/p>\n<p><\/p>\n<p><\/p>\n<p><\/p>\n<div class=\"sharedaddy sd-sharing-enabled\"><div class=\"robots-nocontent sd-block sd-social sd-social-official sd-sharing\"><div class=\"sd-content\"><ul><li class=\"share-facebook\"><div class=\"fb-share-button\" data-href=\"https:\/\/barbarapeonia.it\/it\/sul-concetto-di-bellezza\/\" data-layout=\"button_count\"><\/div><\/li><li class=\"share-pinterest\"><div class=\"pinterest_button\"><a href=\"https:\/\/www.pinterest.com\/pin\/create\/button\/?url=https%3A%2F%2Fbarbarapeonia.it%2Fit%2Fsul-concetto-di-bellezza%2F&#038;media=%2Fwp-content%2Fuploads%2Fsites%2F13%2F2016%2F05%2Fbellezza.jpg&#038;description=%5B%3Ait%5DSul%20concetto%20di%20Bellezza%5B%3Aen%5DOn%20the%20concept%20of%20Beauty%5B%3Afr%5DSur%20le%20concept%20de%20la%20Beaut%C3%A9%5B%3A%5D\" data-pin-do=\"buttonPin\" data-pin-config=\"beside\"><img src=\"https:\/\/i2.wp.com\/assets.pinterest.com\/images\/pidgets\/pinit_fg_en_rect_gray_20.png\" data-recalc-dims=\"1\" \/><\/a><\/div><\/li><li class=\"share-twitter\"><a href=\"https:\/\/twitter.com\/share\" class=\"twitter-share-button\" data-url=\"https:\/\/barbarapeonia.it\/it\/sul-concetto-di-bellezza\/\" data-text=\"Sul concetto di Bellezza\"  >Tweet<\/a><\/li><li class=\"share-email\"><a rel=\"nofollow noopener noreferrer\" data-shared=\"\" class=\"share-email sd-button\" href=\"https:\/\/barbarapeonia.it\/it\/sul-concetto-di-bellezza\/?share=email\" target=\"_blank\" title=\"Fai clic qui per inviare l'articolo via mail ad un amico\"><span>E-mail<\/span><\/a><\/li><li class=\"share-end\"><\/li><\/ul><\/div><\/div><\/div>","protected":false},"excerpt":{"rendered":"<p>Esistono due tipi di bellezza: una \u00e8 di natura fenomenica, l\u2019altra Noumenica. In Pittura la Bellezza viene espressa da una ricerca di Equilibrio e Armonia attraverso l\u2019applicazione di regole di simmetria e proporzioni (Bellezza Classica). Spesso il concetto di bellezza viene inteso come qualcosa di soggettivo, relativo ai gusti personali di chi osserva. In realt\u00e0, [&hellip;]<\/p>\n<div class=\"sharedaddy sd-sharing-enabled\"><div class=\"robots-nocontent sd-block sd-social sd-social-official sd-sharing\"><div class=\"sd-content\"><ul><li class=\"share-facebook\"><div class=\"fb-share-button\" data-href=\"https:\/\/barbarapeonia.it\/it\/sul-concetto-di-bellezza\/\" data-layout=\"button_count\"><\/div><\/li><li class=\"share-pinterest\"><div class=\"pinterest_button\"><a href=\"https:\/\/www.pinterest.com\/pin\/create\/button\/?url=https%3A%2F%2Fbarbarapeonia.it%2Fit%2Fsul-concetto-di-bellezza%2F&#038;media=%2Fwp-content%2Fuploads%2Fsites%2F13%2F2016%2F05%2Fbellezza.jpg&#038;description=%5B%3Ait%5DSul%20concetto%20di%20Bellezza%5B%3Aen%5DOn%20the%20concept%20of%20Beauty%5B%3Afr%5DSur%20le%20concept%20de%20la%20Beaut%C3%A9%5B%3A%5D\" data-pin-do=\"buttonPin\" data-pin-config=\"beside\"><img src=\"\/\/assets.pinterest.com\/images\/pidgets\/pinit_fg_en_rect_gray_20.png\" \/><\/a><\/div><\/li><li class=\"share-twitter\"><a href=\"https:\/\/twitter.com\/share\" class=\"twitter-share-button\" data-url=\"https:\/\/barbarapeonia.it\/it\/sul-concetto-di-bellezza\/\" data-text=\"[:it]Sul concetto di Bellezza[:en]On the concept of Beauty[:fr]Sur le concept de la Beaut\u00e9[:]\"  >Tweet<\/a><\/li><li class=\"share-email\"><a rel=\"nofollow noopener noreferrer\" data-shared=\"\" class=\"share-email sd-button\" href=\"https:\/\/barbarapeonia.it\/it\/sul-concetto-di-bellezza\/?share=email\" target=\"_blank\" title=\"Fai clic qui per inviare l'articolo via mail ad un amico\"><span>E-mail<\/span><\/a><\/li><li class=\"share-end\"><\/li><\/ul><\/div><\/div><\/div>","protected":false},"author":1,"featured_media":0,"parent":0,"menu_order":0,"comment_status":"closed","ping_status":"closed","template":"","meta":{"om_disable_all_campaigns":false,"_monsterinsights_skip_tracking":false,"_monsterinsights_sitenote_active":false,"_monsterinsights_sitenote_note":"","_monsterinsights_sitenote_category":0,"ngg_post_thumbnail":0,"spay_email":""},"yoast_head":"<!-- This site is optimized with the Yoast SEO plugin v18.4.1 - https:\/\/yoast.com\/wordpress\/plugins\/seo\/ -->\n<title>Sul concetto di Bellezza &ndash; Barbara Peonia<\/title>\n<meta name=\"robots\" content=\"index, follow, max-snippet:-1, max-image-preview:large, max-video-preview:-1\" \/>\n<link rel=\"canonical\" href=\"https:\/\/barbarapeonia.it\/en\/sul-concetto-di-bellezza\/\" \/>\n<meta property=\"og:locale\" content=\"it_IT\" \/>\n<meta property=\"og:type\" content=\"article\" \/>\n<meta property=\"og:title\" content=\"[:it]Sul concetto di Bellezza[:en]On the concept of Beauty[:fr]Sur le concept de la Beaut\u00e9[:] &ndash; Barbara Peonia\" \/>\n<meta property=\"og:description\" content=\"Esistono due tipi di bellezza: una \u00e8 di natura fenomenica, l\u2019altra Noumenica. In Pittura la Bellezza viene espressa da una ricerca di Equilibrio e Armonia attraverso l\u2019applicazione di regole di simmetria e proporzioni (Bellezza Classica). Spesso il concetto di bellezza viene inteso come qualcosa di soggettivo, relativo ai gusti personali di chi osserva. In realt\u00e0, [&hellip;]\" \/>\n<meta property=\"og:url\" content=\"https:\/\/barbarapeonia.it\/en\/sul-concetto-di-bellezza\/\" \/>\n<meta property=\"og:site_name\" content=\"Barbara Peonia\" \/>\n<meta property=\"article:publisher\" content=\"https:\/\/www.facebook.com\/profile.php?id=100009166722767\" \/>\n<meta property=\"article:modified_time\" content=\"2017-11-29T11:24:06+00:00\" \/>\n<meta property=\"og:image\" content=\"https:\/\/barbarapeonia.it\/wp-content\/uploads\/sites\/13\/2016\/05\/bellezza.jpg\" \/>\n<meta name=\"twitter:card\" content=\"summary\" \/>\n<meta name=\"twitter:label1\" content=\"Tempo di lettura stimato\" \/>\n\t<meta name=\"twitter:data1\" content=\"4 minuti\" \/>\n<script type=\"application\/ld+json\" class=\"yoast-schema-graph\">{\"@context\":\"https:\/\/schema.org\",\"@graph\":[{\"@type\":\"WebSite\",\"@id\":\"https:\/\/barbarapeonia.it\/#website\",\"url\":\"https:\/\/barbarapeonia.it\/\",\"name\":\"Barbara Peonia\",\"description\":\"\",\"potentialAction\":[{\"@type\":\"SearchAction\",\"target\":{\"@type\":\"EntryPoint\",\"urlTemplate\":\"https:\/\/barbarapeonia.it\/?s={search_term_string}\"},\"query-input\":\"required name=search_term_string\"}],\"inLanguage\":\"it-IT\"},{\"@type\":\"ImageObject\",\"@id\":\"https:\/\/barbarapeonia.it\/en\/sul-concetto-di-bellezza\/#primaryimage\",\"inLanguage\":\"it-IT\",\"url\":\"\/wp-content\/uploads\/sites\/13\/2016\/05\/bellezza.jpg\",\"contentUrl\":\"\/wp-content\/uploads\/sites\/13\/2016\/05\/bellezza.jpg\"},{\"@type\":\"WebPage\",\"@id\":\"https:\/\/barbarapeonia.it\/en\/sul-concetto-di-bellezza\/#webpage\",\"url\":\"https:\/\/barbarapeonia.it\/en\/sul-concetto-di-bellezza\/\",\"name\":\"[:it]Sul concetto di Bellezza[:en]On the concept of Beauty[:fr]Sur le concept de la Beaut\u00e9[:] &ndash; Barbara Peonia\",\"isPartOf\":{\"@id\":\"https:\/\/barbarapeonia.it\/#website\"},\"primaryImageOfPage\":{\"@id\":\"https:\/\/barbarapeonia.it\/en\/sul-concetto-di-bellezza\/#primaryimage\"},\"datePublished\":\"2016-05-06T12:52:52+00:00\",\"dateModified\":\"2017-11-29T11:24:06+00:00\",\"breadcrumb\":{\"@id\":\"https:\/\/barbarapeonia.it\/en\/sul-concetto-di-bellezza\/#breadcrumb\"},\"inLanguage\":\"it-IT\",\"potentialAction\":[{\"@type\":\"ReadAction\",\"target\":[\"https:\/\/barbarapeonia.it\/en\/sul-concetto-di-bellezza\/\"]}]},{\"@type\":\"BreadcrumbList\",\"@id\":\"https:\/\/barbarapeonia.it\/en\/sul-concetto-di-bellezza\/#breadcrumb\",\"itemListElement\":[{\"@type\":\"ListItem\",\"position\":1,\"name\":\"Home\",\"item\":\"https:\/\/barbarapeonia.it\/\"},{\"@type\":\"ListItem\",\"position\":2,\"name\":\"On the concept of Beauty\"}]}]}<\/script>\n<!-- \/ Yoast SEO plugin. -->","yoast_head_json":{"title":"[:it]Sul concetto di Bellezza[:en]On the concept of Beauty[:fr]Sur le concept de la Beaut\u00e9[:] &ndash; Barbara Peonia","robots":{"index":"index","follow":"follow","max-snippet":"max-snippet:-1","max-image-preview":"max-image-preview:large","max-video-preview":"max-video-preview:-1"},"canonical":"https:\/\/barbarapeonia.it\/en\/sul-concetto-di-bellezza\/","og_locale":"it_IT","og_type":"article","og_title":"[:it]Sul concetto di Bellezza[:en]On the concept of Beauty[:fr]Sur le concept de la Beaut\u00e9[:] &ndash; Barbara Peonia","og_description":"Esistono due tipi di bellezza: una \u00e8 di natura fenomenica, l\u2019altra Noumenica. In Pittura la Bellezza viene espressa da una ricerca di Equilibrio e Armonia attraverso l\u2019applicazione di regole di simmetria e proporzioni (Bellezza Classica). Spesso il concetto di bellezza viene inteso come qualcosa di soggettivo, relativo ai gusti personali di chi osserva. In realt\u00e0, [&hellip;]","og_url":"https:\/\/barbarapeonia.it\/en\/sul-concetto-di-bellezza\/","og_site_name":"Barbara Peonia","article_publisher":"https:\/\/www.facebook.com\/profile.php?id=100009166722767","article_modified_time":"2017-11-29T11:24:06+00:00","og_image":[{"url":"https:\/\/barbarapeonia.it\/wp-content\/uploads\/sites\/13\/2016\/05\/bellezza.jpg"}],"twitter_card":"summary","twitter_misc":{"Tempo di lettura stimato":"4 minuti"},"schema":{"@context":"https:\/\/schema.org","@graph":[{"@type":"WebSite","@id":"https:\/\/barbarapeonia.it\/#website","url":"https:\/\/barbarapeonia.it\/","name":"Barbara Peonia","description":"","potentialAction":[{"@type":"SearchAction","target":{"@type":"EntryPoint","urlTemplate":"https:\/\/barbarapeonia.it\/?s={search_term_string}"},"query-input":"required name=search_term_string"}],"inLanguage":"it-IT"},{"@type":"ImageObject","@id":"https:\/\/barbarapeonia.it\/en\/sul-concetto-di-bellezza\/#primaryimage","inLanguage":"it-IT","url":"\/wp-content\/uploads\/sites\/13\/2016\/05\/bellezza.jpg","contentUrl":"\/wp-content\/uploads\/sites\/13\/2016\/05\/bellezza.jpg"},{"@type":"WebPage","@id":"https:\/\/barbarapeonia.it\/en\/sul-concetto-di-bellezza\/#webpage","url":"https:\/\/barbarapeonia.it\/en\/sul-concetto-di-bellezza\/","name":"[:it]Sul concetto di Bellezza[:en]On the concept of Beauty[:fr]Sur le concept de la Beaut\u00e9[:] &ndash; Barbara Peonia","isPartOf":{"@id":"https:\/\/barbarapeonia.it\/#website"},"primaryImageOfPage":{"@id":"https:\/\/barbarapeonia.it\/en\/sul-concetto-di-bellezza\/#primaryimage"},"datePublished":"2016-05-06T12:52:52+00:00","dateModified":"2017-11-29T11:24:06+00:00","breadcrumb":{"@id":"https:\/\/barbarapeonia.it\/en\/sul-concetto-di-bellezza\/#breadcrumb"},"inLanguage":"it-IT","potentialAction":[{"@type":"ReadAction","target":["https:\/\/barbarapeonia.it\/en\/sul-concetto-di-bellezza\/"]}]},{"@type":"BreadcrumbList","@id":"https:\/\/barbarapeonia.it\/en\/sul-concetto-di-bellezza\/#breadcrumb","itemListElement":[{"@type":"ListItem","position":1,"name":"Home","item":"https:\/\/barbarapeonia.it\/"},{"@type":"ListItem","position":2,"name":"On the concept of Beauty"}]}]}},"jetpack_sharing_enabled":true,"jetpack_shortlink":"https:\/\/wp.me\/P8OyqA-cR","_links":{"self":[{"href":"https:\/\/barbarapeonia.it\/it\/wp-json\/wp\/v2\/pages\/797"}],"collection":[{"href":"https:\/\/barbarapeonia.it\/it\/wp-json\/wp\/v2\/pages"}],"about":[{"href":"https:\/\/barbarapeonia.it\/it\/wp-json\/wp\/v2\/types\/page"}],"author":[{"embeddable":true,"href":"https:\/\/barbarapeonia.it\/it\/wp-json\/wp\/v2\/users\/1"}],"replies":[{"embeddable":true,"href":"https:\/\/barbarapeonia.it\/it\/wp-json\/wp\/v2\/comments?post=797"}],"version-history":[{"count":18,"href":"https:\/\/barbarapeonia.it\/it\/wp-json\/wp\/v2\/pages\/797\/revisions"}],"predecessor-version":[{"id":1206,"href":"https:\/\/barbarapeonia.it\/it\/wp-json\/wp\/v2\/pages\/797\/revisions\/1206"}],"wp:attachment":[{"href":"https:\/\/barbarapeonia.it\/it\/wp-json\/wp\/v2\/media?parent=797"}],"curies":[{"name":"wp","href":"https:\/\/api.w.org\/{rel}","templated":true}]}}