{"id":786,"date":"2016-04-13T15:14:42","date_gmt":"2016-04-13T14:14:42","guid":{"rendered":"http:\/\/barbarapeonia.hyst.eu\/?page_id=786"},"modified":"2018-10-05T17:33:51","modified_gmt":"2018-10-05T15:33:51","slug":"perche-post-moderno","status":"publish","type":"page","link":"https:\/\/barbarapeonia.it\/it\/perche-post-moderno\/","title":{"rendered":"Perch\u00e9 Post-Moderno"},"content":{"rendered":"<p><br \/>\n<img data-attachment-id=\"1422\" data-permalink=\"https:\/\/barbarapeonia.it\/it\/perche-post-moderno\/post-moderno-2\/\" data-orig-file=\"https:\/\/i2.wp.com\/barbarapeonia.hyst.eu\/wp-content\/uploads\/sites\/13\/2018\/10\/post-moderno.png?fit=806%2C314&amp;ssl=1\" data-orig-size=\"806,314\" data-comments-opened=\"0\" data-image-meta=\"{&quot;aperture&quot;:&quot;0&quot;,&quot;credit&quot;:&quot;&quot;,&quot;camera&quot;:&quot;&quot;,&quot;caption&quot;:&quot;&quot;,&quot;created_timestamp&quot;:&quot;0&quot;,&quot;copyright&quot;:&quot;&quot;,&quot;focal_length&quot;:&quot;0&quot;,&quot;iso&quot;:&quot;0&quot;,&quot;shutter_speed&quot;:&quot;0&quot;,&quot;title&quot;:&quot;&quot;,&quot;orientation&quot;:&quot;0&quot;}\" data-image-title=\"post-moderno\" data-image-description=\"\" data-image-caption=\"\" data-medium-file=\"https:\/\/i2.wp.com\/barbarapeonia.hyst.eu\/wp-content\/uploads\/sites\/13\/2018\/10\/post-moderno.png?fit=300%2C117&amp;ssl=1\" data-large-file=\"https:\/\/i2.wp.com\/barbarapeonia.hyst.eu\/wp-content\/uploads\/sites\/13\/2018\/10\/post-moderno.png?fit=806%2C314&amp;ssl=1\" loading=\"lazy\" src=\"\/wp-content\/uploads\/sites\/13\/2018\/10\/post-moderno.png\" alt=\"\" width=\"740\" height=\"314\" class=\"alignnone size-full wp-image-1422\" srcset=\"https:\/\/i2.wp.com\/barbarapeonia.hyst.eu\/wp-content\/uploads\/sites\/13\/2018\/10\/post-moderno.png?zoom=2&amp;resize=740%2C314&amp;ssl=1 1480w, https:\/\/i2.wp.com\/barbarapeonia.hyst.eu\/wp-content\/uploads\/sites\/13\/2018\/10\/post-moderno.png?zoom=3&amp;resize=740%2C314&amp;ssl=1 2220w\" sizes=\"(max-width: 740px) 100vw, 740px\" \/>La parola \u201cpostmoderno\u201d \u00e8 formata dalla particella \u201cpost\u201d e dall\u2019aggettivo<br \/>\n\u201cmoderno\u201d, il suo significato pi\u00f9 immediato e apparente \u00e8 \u201cqualcosa che viene dopo la modernit\u00e0\u201d.<br \/>\nSecondo il mio intendere \u00e8 un tentativo, attraverso l\u2019Arte, di trascendere il tempo per esprimere qualcosa che appartiene a tutti i tempi e ha valenza Universale. Una volont\u00e0 di raccordare e compenetrare ci\u00f2 che \u00e8 stato espresso nel passato con ci\u00f2 che sono le attitudini del presente in una proiezione che percorre e precede i tempi futuri, usando un linguaggio del tutto personale che non segue nessuna moda particolare o filoni di pittura prestabiliti dalle avanguardie.<\/p>\n<p>A Tempo Zero tutte le Informazioni relative all\u2019Universo viaggiano in un\u2019unica onda dove passato-presente-futuro non possono esistere come concetti separati, ma sono sovrapposti.<\/p>\n<p>L\u2019artista Post-moderno-Quantico, accedendo alla dimensione a Tempo Zero attraverso la propria Anima, coglie le informazioni Universali e le riporta nelle sue opere tramite immagini che spesso non sono decodificabili o traducibili da chi \u00e8 identificato nella dimensione Spazio-Tempo-Materia.<\/p>\n<p>L\u2019\u201cOsservatore\u201d, svuotandosi da ogni concezione e interpretazione mentale, pu\u00f2 intuire in una percezione sottile il vero messaggio che vuole raccontare l\u2019opera, entrando in interazione con l\u2019artista. (vedi anche <a href=\"\/approfondimenti\/\">Sindrome di Stendhal<\/a>)<br \/>\n<\/p>\n<p><\/p>\n<p><\/p>\n<div class=\"sharedaddy sd-sharing-enabled\"><div class=\"robots-nocontent sd-block sd-social sd-social-official sd-sharing\"><div class=\"sd-content\"><ul><li class=\"share-facebook\"><div class=\"fb-share-button\" data-href=\"https:\/\/barbarapeonia.it\/it\/perche-post-moderno\/\" data-layout=\"button_count\"><\/div><\/li><li class=\"share-pinterest\"><div class=\"pinterest_button\"><a href=\"https:\/\/www.pinterest.com\/pin\/create\/button\/?url=https%3A%2F%2Fbarbarapeonia.it%2Fit%2Fperche-post-moderno%2F&#038;media=%2Fwp-content%2Fuploads%2Fsites%2F13%2F2018%2F10%2Fpost-moderno.png&#038;description=%5B%3Ait%5DPerch%C3%A9%20Post-Moderno%5B%3Aen%5DWhy%20Post-modern%5B%3Afr%5DPourquoi%20post-moderne%5B%3A%5D\" data-pin-do=\"buttonPin\" data-pin-config=\"beside\"><img src=\"https:\/\/i2.wp.com\/assets.pinterest.com\/images\/pidgets\/pinit_fg_en_rect_gray_20.png\" data-recalc-dims=\"1\" \/><\/a><\/div><\/li><li class=\"share-twitter\"><a href=\"https:\/\/twitter.com\/share\" class=\"twitter-share-button\" data-url=\"https:\/\/barbarapeonia.it\/it\/perche-post-moderno\/\" data-text=\"Perch\u00e9 Post-Moderno\"  >Tweet<\/a><\/li><li class=\"share-email\"><a rel=\"nofollow noopener noreferrer\" data-shared=\"\" class=\"share-email sd-button\" href=\"https:\/\/barbarapeonia.it\/it\/perche-post-moderno\/?share=email\" target=\"_blank\" title=\"Fai clic qui per inviare l'articolo via mail ad un amico\"><span>E-mail<\/span><\/a><\/li><li class=\"share-end\"><\/li><\/ul><\/div><\/div><\/div>","protected":false},"excerpt":{"rendered":"<p>La parola \u201cpostmoderno\u201d \u00e8 formata dalla particella \u201cpost\u201d e dall\u2019aggettivo \u201cmoderno\u201d, il suo significato pi\u00f9 immediato e apparente \u00e8 \u201cqualcosa che viene dopo la modernit\u00e0\u201d. Secondo il mio intendere \u00e8 un tentativo, attraverso l\u2019Arte, di trascendere il tempo per esprimere qualcosa che appartiene a tutti i tempi e ha valenza Universale. Una volont\u00e0 di raccordare [&hellip;]<\/p>\n<div class=\"sharedaddy sd-sharing-enabled\"><div class=\"robots-nocontent sd-block sd-social sd-social-official sd-sharing\"><div class=\"sd-content\"><ul><li class=\"share-facebook\"><div class=\"fb-share-button\" data-href=\"https:\/\/barbarapeonia.it\/it\/perche-post-moderno\/\" data-layout=\"button_count\"><\/div><\/li><li class=\"share-pinterest\"><div class=\"pinterest_button\"><a href=\"https:\/\/www.pinterest.com\/pin\/create\/button\/?url=https%3A%2F%2Fbarbarapeonia.it%2Fit%2Fperche-post-moderno%2F&#038;media=%2Fwp-content%2Fuploads%2Fsites%2F13%2F2018%2F10%2Fpost-moderno.png&#038;description=%5B%3Ait%5DPerch%C3%A9%20Post-Moderno%5B%3Aen%5DWhy%20Post-modern%5B%3Afr%5DPourquoi%20post-moderne%5B%3A%5D\" data-pin-do=\"buttonPin\" data-pin-config=\"beside\"><img src=\"\/\/assets.pinterest.com\/images\/pidgets\/pinit_fg_en_rect_gray_20.png\" \/><\/a><\/div><\/li><li class=\"share-twitter\"><a href=\"https:\/\/twitter.com\/share\" class=\"twitter-share-button\" data-url=\"https:\/\/barbarapeonia.it\/it\/perche-post-moderno\/\" data-text=\"[:it]Perch\u00e9 Post-Moderno[:en]Why Post-modern[:fr]Pourquoi post-moderne[:]\"  >Tweet<\/a><\/li><li class=\"share-email\"><a rel=\"nofollow noopener noreferrer\" data-shared=\"\" class=\"share-email sd-button\" href=\"https:\/\/barbarapeonia.it\/it\/perche-post-moderno\/?share=email\" target=\"_blank\" title=\"Fai clic qui per inviare l'articolo via mail ad un amico\"><span>E-mail<\/span><\/a><\/li><li class=\"share-end\"><\/li><\/ul><\/div><\/div><\/div>","protected":false},"author":1,"featured_media":0,"parent":0,"menu_order":0,"comment_status":"closed","ping_status":"closed","template":"","meta":{"om_disable_all_campaigns":false,"_monsterinsights_skip_tracking":false,"_monsterinsights_sitenote_active":false,"_monsterinsights_sitenote_note":"","_monsterinsights_sitenote_category":0,"ngg_post_thumbnail":0,"spay_email":""},"yoast_head":"<!-- This site is optimized with the Yoast SEO plugin v18.4.1 - https:\/\/yoast.com\/wordpress\/plugins\/seo\/ -->\n<title>Perch\u00e9 Post-Moderno &ndash; Barbara Peonia<\/title>\n<meta name=\"robots\" content=\"index, follow, max-snippet:-1, max-image-preview:large, max-video-preview:-1\" \/>\n<link rel=\"canonical\" href=\"https:\/\/barbarapeonia.it\/perche-post-moderno\/\" \/>\n<meta property=\"og:locale\" content=\"it_IT\" \/>\n<meta property=\"og:type\" content=\"article\" \/>\n<meta property=\"og:title\" content=\"[:it]Perch\u00e9 Post-Moderno[:en]Why Post-modern[:fr]Pourquoi post-moderne[:] &ndash; Barbara Peonia\" \/>\n<meta property=\"og:description\" content=\"La parola \u201cpostmoderno\u201d \u00e8 formata dalla particella \u201cpost\u201d e dall\u2019aggettivo \u201cmoderno\u201d, il suo significato pi\u00f9 immediato e apparente \u00e8 \u201cqualcosa che viene dopo la modernit\u00e0\u201d. Secondo il mio intendere \u00e8 un tentativo, attraverso l\u2019Arte, di trascendere il tempo per esprimere qualcosa che appartiene a tutti i tempi e ha valenza Universale. Una volont\u00e0 di raccordare [&hellip;]\" \/>\n<meta property=\"og:url\" content=\"https:\/\/barbarapeonia.it\/perche-post-moderno\/\" \/>\n<meta property=\"og:site_name\" content=\"Barbara Peonia\" \/>\n<meta property=\"article:publisher\" content=\"https:\/\/www.facebook.com\/profile.php?id=100009166722767\" \/>\n<meta property=\"article:modified_time\" content=\"2018-10-05T15:33:51+00:00\" \/>\n<meta property=\"og:image\" content=\"https:\/\/barbarapeonia.it\/wp-content\/uploads\/sites\/13\/2018\/10\/post-moderno.png\" \/>\n<meta name=\"twitter:card\" content=\"summary\" \/>\n<meta name=\"twitter:label1\" content=\"Tempo di lettura stimato\" \/>\n\t<meta name=\"twitter:data1\" content=\"3 minuti\" \/>\n<script type=\"application\/ld+json\" class=\"yoast-schema-graph\">{\"@context\":\"https:\/\/schema.org\",\"@graph\":[{\"@type\":\"WebSite\",\"@id\":\"https:\/\/barbarapeonia.it\/#website\",\"url\":\"https:\/\/barbarapeonia.it\/\",\"name\":\"Barbara Peonia\",\"description\":\"\",\"potentialAction\":[{\"@type\":\"SearchAction\",\"target\":{\"@type\":\"EntryPoint\",\"urlTemplate\":\"https:\/\/barbarapeonia.it\/?s={search_term_string}\"},\"query-input\":\"required name=search_term_string\"}],\"inLanguage\":\"it-IT\"},{\"@type\":\"ImageObject\",\"@id\":\"https:\/\/barbarapeonia.it\/perche-post-moderno\/#primaryimage\",\"inLanguage\":\"it-IT\",\"url\":\"\/wp-content\/uploads\/sites\/13\/2018\/10\/post-moderno.png\",\"contentUrl\":\"\/wp-content\/uploads\/sites\/13\/2018\/10\/post-moderno.png\"},{\"@type\":\"WebPage\",\"@id\":\"https:\/\/barbarapeonia.it\/perche-post-moderno\/#webpage\",\"url\":\"https:\/\/barbarapeonia.it\/perche-post-moderno\/\",\"name\":\"[:it]Perch\u00e9 Post-Moderno[:en]Why Post-modern[:fr]Pourquoi post-moderne[:] &ndash; Barbara Peonia\",\"isPartOf\":{\"@id\":\"https:\/\/barbarapeonia.it\/#website\"},\"primaryImageOfPage\":{\"@id\":\"https:\/\/barbarapeonia.it\/perche-post-moderno\/#primaryimage\"},\"datePublished\":\"2016-04-13T14:14:42+00:00\",\"dateModified\":\"2018-10-05T15:33:51+00:00\",\"breadcrumb\":{\"@id\":\"https:\/\/barbarapeonia.it\/perche-post-moderno\/#breadcrumb\"},\"inLanguage\":\"it-IT\",\"potentialAction\":[{\"@type\":\"ReadAction\",\"target\":[\"https:\/\/barbarapeonia.it\/perche-post-moderno\/\"]}]},{\"@type\":\"BreadcrumbList\",\"@id\":\"https:\/\/barbarapeonia.it\/perche-post-moderno\/#breadcrumb\",\"itemListElement\":[{\"@type\":\"ListItem\",\"position\":1,\"name\":\"Home\",\"item\":\"https:\/\/barbarapeonia.it\/\"},{\"@type\":\"ListItem\",\"position\":2,\"name\":\"Pourquoi post-moderne\"}]}]}<\/script>\n<!-- \/ Yoast SEO plugin. -->","yoast_head_json":{"title":"[:it]Perch\u00e9 Post-Moderno[:en]Why Post-modern[:fr]Pourquoi post-moderne[:] &ndash; Barbara Peonia","robots":{"index":"index","follow":"follow","max-snippet":"max-snippet:-1","max-image-preview":"max-image-preview:large","max-video-preview":"max-video-preview:-1"},"canonical":"https:\/\/barbarapeonia.it\/perche-post-moderno\/","og_locale":"it_IT","og_type":"article","og_title":"[:it]Perch\u00e9 Post-Moderno[:en]Why Post-modern[:fr]Pourquoi post-moderne[:] &ndash; Barbara Peonia","og_description":"La parola \u201cpostmoderno\u201d \u00e8 formata dalla particella \u201cpost\u201d e dall\u2019aggettivo \u201cmoderno\u201d, il suo significato pi\u00f9 immediato e apparente \u00e8 \u201cqualcosa che viene dopo la modernit\u00e0\u201d. Secondo il mio intendere \u00e8 un tentativo, attraverso l\u2019Arte, di trascendere il tempo per esprimere qualcosa che appartiene a tutti i tempi e ha valenza Universale. Una volont\u00e0 di raccordare [&hellip;]","og_url":"https:\/\/barbarapeonia.it\/perche-post-moderno\/","og_site_name":"Barbara Peonia","article_publisher":"https:\/\/www.facebook.com\/profile.php?id=100009166722767","article_modified_time":"2018-10-05T15:33:51+00:00","og_image":[{"url":"https:\/\/barbarapeonia.it\/wp-content\/uploads\/sites\/13\/2018\/10\/post-moderno.png"}],"twitter_card":"summary","twitter_misc":{"Tempo di lettura stimato":"3 minuti"},"schema":{"@context":"https:\/\/schema.org","@graph":[{"@type":"WebSite","@id":"https:\/\/barbarapeonia.it\/#website","url":"https:\/\/barbarapeonia.it\/","name":"Barbara Peonia","description":"","potentialAction":[{"@type":"SearchAction","target":{"@type":"EntryPoint","urlTemplate":"https:\/\/barbarapeonia.it\/?s={search_term_string}"},"query-input":"required name=search_term_string"}],"inLanguage":"it-IT"},{"@type":"ImageObject","@id":"https:\/\/barbarapeonia.it\/perche-post-moderno\/#primaryimage","inLanguage":"it-IT","url":"\/wp-content\/uploads\/sites\/13\/2018\/10\/post-moderno.png","contentUrl":"\/wp-content\/uploads\/sites\/13\/2018\/10\/post-moderno.png"},{"@type":"WebPage","@id":"https:\/\/barbarapeonia.it\/perche-post-moderno\/#webpage","url":"https:\/\/barbarapeonia.it\/perche-post-moderno\/","name":"[:it]Perch\u00e9 Post-Moderno[:en]Why Post-modern[:fr]Pourquoi post-moderne[:] &ndash; Barbara Peonia","isPartOf":{"@id":"https:\/\/barbarapeonia.it\/#website"},"primaryImageOfPage":{"@id":"https:\/\/barbarapeonia.it\/perche-post-moderno\/#primaryimage"},"datePublished":"2016-04-13T14:14:42+00:00","dateModified":"2018-10-05T15:33:51+00:00","breadcrumb":{"@id":"https:\/\/barbarapeonia.it\/perche-post-moderno\/#breadcrumb"},"inLanguage":"it-IT","potentialAction":[{"@type":"ReadAction","target":["https:\/\/barbarapeonia.it\/perche-post-moderno\/"]}]},{"@type":"BreadcrumbList","@id":"https:\/\/barbarapeonia.it\/perche-post-moderno\/#breadcrumb","itemListElement":[{"@type":"ListItem","position":1,"name":"Home","item":"https:\/\/barbarapeonia.it\/"},{"@type":"ListItem","position":2,"name":"Pourquoi post-moderne"}]}]}},"jetpack_sharing_enabled":true,"jetpack_shortlink":"https:\/\/wp.me\/P8OyqA-cG","_links":{"self":[{"href":"https:\/\/barbarapeonia.it\/it\/wp-json\/wp\/v2\/pages\/786"}],"collection":[{"href":"https:\/\/barbarapeonia.it\/it\/wp-json\/wp\/v2\/pages"}],"about":[{"href":"https:\/\/barbarapeonia.it\/it\/wp-json\/wp\/v2\/types\/page"}],"author":[{"embeddable":true,"href":"https:\/\/barbarapeonia.it\/it\/wp-json\/wp\/v2\/users\/1"}],"replies":[{"embeddable":true,"href":"https:\/\/barbarapeonia.it\/it\/wp-json\/wp\/v2\/comments?post=786"}],"version-history":[{"count":17,"href":"https:\/\/barbarapeonia.it\/it\/wp-json\/wp\/v2\/pages\/786\/revisions"}],"predecessor-version":[{"id":1426,"href":"https:\/\/barbarapeonia.it\/it\/wp-json\/wp\/v2\/pages\/786\/revisions\/1426"}],"wp:attachment":[{"href":"https:\/\/barbarapeonia.it\/it\/wp-json\/wp\/v2\/media?parent=786"}],"curies":[{"name":"wp","href":"https:\/\/api.w.org\/{rel}","templated":true}]}}