{"id":780,"date":"2016-04-13T15:06:25","date_gmt":"2016-04-13T14:06:25","guid":{"rendered":"http:\/\/barbarapeonia.hyst.eu\/?page_id=780"},"modified":"2024-11-03T11:36:47","modified_gmt":"2024-11-03T10:36:47","slug":"il-simbolismo-nei-miei-quadri","status":"publish","type":"page","link":"https:\/\/barbarapeonia.it\/it\/il-simbolismo-nei-miei-quadri\/","title":{"rendered":"Il Simbolismo nei miei quadri"},"content":{"rendered":"<p><br \/>\n<img data-attachment-id=\"1178\" data-permalink=\"https:\/\/barbarapeonia.it\/it\/il-simbolismo-nei-miei-quadri\/simbolismo\/\" data-orig-file=\"https:\/\/i1.wp.com\/barbarapeonia.hyst.eu\/wp-content\/uploads\/sites\/13\/2016\/04\/simbolismo.jpg?fit=1500%2C770&amp;ssl=1\" data-orig-size=\"1500,770\" data-comments-opened=\"0\" data-image-meta=\"{&quot;aperture&quot;:&quot;0&quot;,&quot;credit&quot;:&quot;&quot;,&quot;camera&quot;:&quot;&quot;,&quot;caption&quot;:&quot;&quot;,&quot;created_timestamp&quot;:&quot;0&quot;,&quot;copyright&quot;:&quot;&quot;,&quot;focal_length&quot;:&quot;0&quot;,&quot;iso&quot;:&quot;0&quot;,&quot;shutter_speed&quot;:&quot;0&quot;,&quot;title&quot;:&quot;&quot;,&quot;orientation&quot;:&quot;0&quot;}\" data-image-title=\"simbolismo\" data-image-description=\"\" data-image-caption=\"\" data-medium-file=\"https:\/\/i1.wp.com\/barbarapeonia.hyst.eu\/wp-content\/uploads\/sites\/13\/2016\/04\/simbolismo.jpg?fit=300%2C154&amp;ssl=1\" data-large-file=\"https:\/\/i1.wp.com\/barbarapeonia.hyst.eu\/wp-content\/uploads\/sites\/13\/2016\/04\/simbolismo.jpg?fit=1024%2C526&amp;ssl=1\" loading=\"lazy\" src=\"\/wp-content\/uploads\/sites\/13\/2016\/04\/simbolismo.jpg\" alt=\"\" width=\"740\" height=\"380\" class=\"alignnone size-full wp-image-1178\" srcset=\"https:\/\/i1.wp.com\/barbarapeonia.hyst.eu\/wp-content\/uploads\/sites\/13\/2016\/04\/simbolismo.jpg?w=1500&amp;ssl=1 1500w, https:\/\/i1.wp.com\/barbarapeonia.hyst.eu\/wp-content\/uploads\/sites\/13\/2016\/04\/simbolismo.jpg?resize=300%2C154&amp;ssl=1 300w, https:\/\/i1.wp.com\/barbarapeonia.hyst.eu\/wp-content\/uploads\/sites\/13\/2016\/04\/simbolismo.jpg?resize=768%2C394&amp;ssl=1 768w, https:\/\/i1.wp.com\/barbarapeonia.hyst.eu\/wp-content\/uploads\/sites\/13\/2016\/04\/simbolismo.jpg?resize=1024%2C526&amp;ssl=1 1024w\" sizes=\"(max-width: 740px) 100vw, 740px\" \/>La mia pittura tende a comunicare attraverso simbolismi apparentemente scollegati ma in realt\u00e0 interrelazionati per dare messaggi legati alla filosofia orientale, alla scienza e alle <a href=\"https:\/\/mente.hyst.eu\/il-sistema-mentale-a-quattro-sfere\/\" target=\"_blank\" rel=\"noopener\">nuove teorie sulla mente<\/a> (nota: cfr. Danilo Speranza. \u201cIl sistema mentale a quattro sfere\u201d).<\/p>\n<p>I simboli che uso nel mio linguaggio pittorico mi permettono di raccontare da un lato la duplice natura dell\u2019essere (quella transitoria e quella Eterna che imperitura permane all\u2019Infinito), dall&#8217;altro la doppia natura del Cosmo, quella Fenomenica (o delle forme) e quella Noumenica (o del Sottile), dove sono contenute tutte le leggi che lo governano.<\/p>\n<p>Tra i vari simboli, quello della Sfinge Egiziana e in genere statue come la Venere di Milo, che spesso inserisco nei miei quadri, rappresentano l\u2019Eternit\u00e0 e la persistenza delle cose o la Saggezza Antica che si tramanda nei secoli.<\/p>\n<p>Le perle, che caratterizzano molte delle mie opere, rappresentano la particella pi\u00f9 piccola del mondo fisico. Oltre si sconfina nel Noumeno, ed \u00e8 per questo motivo che le uso per simboleggiare i quark o dimensioni di natura molto Sottile.<\/p>\n<p>Inoltre grande importanza ha per me la numerologia, dove ogni numero da 0 a 9 ha il suo significato in relazione a questo tipo di Universo.<\/p>\n<p>Amo rappresentare attraverso il Surrealismo Quantico l&#8217;idea della Bellezza Classica che segue le regole dell&#8217;Armonia e mira a trasmettere serenit\u00e0 e quiete all&#8217;osservatore. Ogni volta, davanti ad una tela bianca, in una condizione di interiorizzazione e di azzeramento emozionale, provo a comunicare ci\u00f2 che in condizioni di pensieri illusori e sensazioni caotiche non sarebbe possibile.<\/p>\n<p>Pi\u00f9 prospettive e ambientazioni a volte si fondono insieme a voler rappresentare una discontinuit\u00e0 e illusoriet\u00e0 dello spazio-tempo. Pi\u00f9 dimensioni, da quelle pi\u00f9 sottili a quelle pi\u00f9 grezze,  possono coesistere simultaneamente in un unico teatro senza tempo.<br \/>\n<\/p>\n<p><\/p>\n<p><\/p>\n<div class=\"sharedaddy sd-sharing-enabled\"><div class=\"robots-nocontent sd-block sd-social sd-social-official sd-sharing\"><div class=\"sd-content\"><ul><li class=\"share-facebook\"><div class=\"fb-share-button\" data-href=\"https:\/\/barbarapeonia.it\/it\/il-simbolismo-nei-miei-quadri\/\" data-layout=\"button_count\"><\/div><\/li><li class=\"share-pinterest\"><div class=\"pinterest_button\"><a href=\"https:\/\/www.pinterest.com\/pin\/create\/button\/?url=https%3A%2F%2Fbarbarapeonia.it%2Fit%2Fil-simbolismo-nei-miei-quadri%2F&#038;media=%2Fwp-content%2Fuploads%2Fsites%2F13%2F2016%2F04%2Fsimbolismo.jpg&#038;description=%5B%3Ait%5DIl%20Simbolismo%20nei%20miei%20quadri%5B%3Aen%5DSymbolism%20in%20my%20paintings%5B%3Afr%5DLe%20Symbolisme%20de%20mes%20peintures%5B%3A%5D\" data-pin-do=\"buttonPin\" data-pin-config=\"beside\"><img src=\"https:\/\/i2.wp.com\/assets.pinterest.com\/images\/pidgets\/pinit_fg_en_rect_gray_20.png\" data-recalc-dims=\"1\" \/><\/a><\/div><\/li><li class=\"share-twitter\"><a href=\"https:\/\/twitter.com\/share\" class=\"twitter-share-button\" data-url=\"https:\/\/barbarapeonia.it\/it\/il-simbolismo-nei-miei-quadri\/\" data-text=\"Il Simbolismo nei miei quadri\"  >Tweet<\/a><\/li><li class=\"share-email\"><a rel=\"nofollow noopener noreferrer\" data-shared=\"\" class=\"share-email sd-button\" href=\"https:\/\/barbarapeonia.it\/it\/il-simbolismo-nei-miei-quadri\/?share=email\" target=\"_blank\" title=\"Fai clic qui per inviare l'articolo via mail ad un amico\"><span>E-mail<\/span><\/a><\/li><li class=\"share-end\"><\/li><\/ul><\/div><\/div><\/div>","protected":false},"excerpt":{"rendered":"<p>La mia pittura tende a comunicare attraverso simbolismi apparentemente scollegati ma in realt\u00e0 interrelazionati per dare messaggi legati alla filosofia orientale, alla scienza e alle nuove teorie sulla mente (nota: cfr. Danilo Speranza. \u201cIl sistema mentale a quattro sfere\u201d). I simboli che uso nel mio linguaggio pittorico mi permettono di raccontare da un lato la [&hellip;]<\/p>\n<div class=\"sharedaddy sd-sharing-enabled\"><div class=\"robots-nocontent sd-block sd-social sd-social-official sd-sharing\"><div class=\"sd-content\"><ul><li class=\"share-facebook\"><div class=\"fb-share-button\" data-href=\"https:\/\/barbarapeonia.it\/it\/il-simbolismo-nei-miei-quadri\/\" data-layout=\"button_count\"><\/div><\/li><li class=\"share-pinterest\"><div class=\"pinterest_button\"><a href=\"https:\/\/www.pinterest.com\/pin\/create\/button\/?url=https%3A%2F%2Fbarbarapeonia.it%2Fit%2Fil-simbolismo-nei-miei-quadri%2F&#038;media=%2Fwp-content%2Fuploads%2Fsites%2F13%2F2016%2F04%2Fsimbolismo.jpg&#038;description=%5B%3Ait%5DIl%20Simbolismo%20nei%20miei%20quadri%5B%3Aen%5DSymbolism%20in%20my%20paintings%5B%3Afr%5DLe%20Symbolisme%20de%20mes%20peintures%5B%3A%5D\" data-pin-do=\"buttonPin\" data-pin-config=\"beside\"><img src=\"\/\/assets.pinterest.com\/images\/pidgets\/pinit_fg_en_rect_gray_20.png\" \/><\/a><\/div><\/li><li class=\"share-twitter\"><a href=\"https:\/\/twitter.com\/share\" class=\"twitter-share-button\" data-url=\"https:\/\/barbarapeonia.it\/it\/il-simbolismo-nei-miei-quadri\/\" data-text=\"[:it]Il Simbolismo nei miei quadri[:en]Symbolism in my paintings[:fr]Le Symbolisme de mes peintures[:]\"  >Tweet<\/a><\/li><li class=\"share-email\"><a rel=\"nofollow noopener noreferrer\" data-shared=\"\" class=\"share-email sd-button\" href=\"https:\/\/barbarapeonia.it\/it\/il-simbolismo-nei-miei-quadri\/?share=email\" target=\"_blank\" title=\"Fai clic qui per inviare l'articolo via mail ad un amico\"><span>E-mail<\/span><\/a><\/li><li class=\"share-end\"><\/li><\/ul><\/div><\/div><\/div>","protected":false},"author":1,"featured_media":0,"parent":0,"menu_order":0,"comment_status":"closed","ping_status":"closed","template":"","meta":{"om_disable_all_campaigns":false,"_monsterinsights_skip_tracking":false,"_monsterinsights_sitenote_active":false,"_monsterinsights_sitenote_note":"","_monsterinsights_sitenote_category":0,"ngg_post_thumbnail":0,"spay_email":""},"yoast_head":"<!-- This site is optimized with the Yoast SEO plugin v18.4.1 - https:\/\/yoast.com\/wordpress\/plugins\/seo\/ -->\n<title>Il Simbolismo nei miei quadri &ndash; Barbara Peonia<\/title>\n<meta name=\"robots\" content=\"index, follow, max-snippet:-1, max-image-preview:large, max-video-preview:-1\" \/>\n<link rel=\"canonical\" href=\"https:\/\/barbarapeonia.it\/en\/il-simbolismo-nei-miei-quadri\/\" \/>\n<meta property=\"og:locale\" content=\"it_IT\" \/>\n<meta property=\"og:type\" content=\"article\" \/>\n<meta property=\"og:title\" content=\"[:it]Il Simbolismo nei miei quadri[:en]Symbolism in my paintings[:fr]Le Symbolisme de mes peintures[:] &ndash; Barbara Peonia\" \/>\n<meta property=\"og:description\" content=\"La mia pittura tende a comunicare attraverso simbolismi apparentemente scollegati ma in realt\u00e0 interrelazionati per dare messaggi legati alla filosofia orientale, alla scienza e alle nuove teorie sulla mente (nota: cfr. Danilo Speranza. \u201cIl sistema mentale a quattro sfere\u201d). I simboli che uso nel mio linguaggio pittorico mi permettono di raccontare da un lato la [&hellip;]\" \/>\n<meta property=\"og:url\" content=\"https:\/\/barbarapeonia.it\/en\/il-simbolismo-nei-miei-quadri\/\" \/>\n<meta property=\"og:site_name\" content=\"Barbara Peonia\" \/>\n<meta property=\"article:publisher\" content=\"https:\/\/www.facebook.com\/profile.php?id=100009166722767\" \/>\n<meta property=\"article:modified_time\" content=\"2024-11-03T10:36:47+00:00\" \/>\n<meta property=\"og:image\" content=\"https:\/\/barbarapeonia.it\/wp-content\/uploads\/sites\/13\/2016\/04\/simbolismo.jpg\" \/>\n<meta name=\"twitter:card\" content=\"summary\" \/>\n<meta name=\"twitter:label1\" content=\"Tempo di lettura stimato\" \/>\n\t<meta name=\"twitter:data1\" content=\"5 minuti\" \/>\n<script type=\"application\/ld+json\" class=\"yoast-schema-graph\">{\"@context\":\"https:\/\/schema.org\",\"@graph\":[{\"@type\":\"WebSite\",\"@id\":\"https:\/\/barbarapeonia.it\/#website\",\"url\":\"https:\/\/barbarapeonia.it\/\",\"name\":\"Barbara Peonia\",\"description\":\"\",\"potentialAction\":[{\"@type\":\"SearchAction\",\"target\":{\"@type\":\"EntryPoint\",\"urlTemplate\":\"https:\/\/barbarapeonia.it\/?s={search_term_string}\"},\"query-input\":\"required name=search_term_string\"}],\"inLanguage\":\"it-IT\"},{\"@type\":\"ImageObject\",\"@id\":\"https:\/\/barbarapeonia.it\/en\/il-simbolismo-nei-miei-quadri\/#primaryimage\",\"inLanguage\":\"it-IT\",\"url\":\"\/wp-content\/uploads\/sites\/13\/2016\/04\/simbolismo.jpg\",\"contentUrl\":\"\/wp-content\/uploads\/sites\/13\/2016\/04\/simbolismo.jpg\"},{\"@type\":\"WebPage\",\"@id\":\"https:\/\/barbarapeonia.it\/en\/il-simbolismo-nei-miei-quadri\/#webpage\",\"url\":\"https:\/\/barbarapeonia.it\/en\/il-simbolismo-nei-miei-quadri\/\",\"name\":\"[:it]Il Simbolismo nei miei quadri[:en]Symbolism in my paintings[:fr]Le Symbolisme de mes peintures[:] &ndash; Barbara Peonia\",\"isPartOf\":{\"@id\":\"https:\/\/barbarapeonia.it\/#website\"},\"primaryImageOfPage\":{\"@id\":\"https:\/\/barbarapeonia.it\/en\/il-simbolismo-nei-miei-quadri\/#primaryimage\"},\"datePublished\":\"2016-04-13T14:06:25+00:00\",\"dateModified\":\"2024-11-03T10:36:47+00:00\",\"breadcrumb\":{\"@id\":\"https:\/\/barbarapeonia.it\/en\/il-simbolismo-nei-miei-quadri\/#breadcrumb\"},\"inLanguage\":\"it-IT\",\"potentialAction\":[{\"@type\":\"ReadAction\",\"target\":[\"https:\/\/barbarapeonia.it\/en\/il-simbolismo-nei-miei-quadri\/\"]}]},{\"@type\":\"BreadcrumbList\",\"@id\":\"https:\/\/barbarapeonia.it\/en\/il-simbolismo-nei-miei-quadri\/#breadcrumb\",\"itemListElement\":[{\"@type\":\"ListItem\",\"position\":1,\"name\":\"Home\",\"item\":\"https:\/\/barbarapeonia.it\/\"},{\"@type\":\"ListItem\",\"position\":2,\"name\":\"Symbolism in my paintings\"}]}]}<\/script>\n<!-- \/ Yoast SEO plugin. -->","yoast_head_json":{"title":"[:it]Il Simbolismo nei miei quadri[:en]Symbolism in my paintings[:fr]Le Symbolisme de mes peintures[:] &ndash; Barbara Peonia","robots":{"index":"index","follow":"follow","max-snippet":"max-snippet:-1","max-image-preview":"max-image-preview:large","max-video-preview":"max-video-preview:-1"},"canonical":"https:\/\/barbarapeonia.it\/en\/il-simbolismo-nei-miei-quadri\/","og_locale":"it_IT","og_type":"article","og_title":"[:it]Il Simbolismo nei miei quadri[:en]Symbolism in my paintings[:fr]Le Symbolisme de mes peintures[:] &ndash; Barbara Peonia","og_description":"La mia pittura tende a comunicare attraverso simbolismi apparentemente scollegati ma in realt\u00e0 interrelazionati per dare messaggi legati alla filosofia orientale, alla scienza e alle nuove teorie sulla mente (nota: cfr. Danilo Speranza. \u201cIl sistema mentale a quattro sfere\u201d). I simboli che uso nel mio linguaggio pittorico mi permettono di raccontare da un lato la [&hellip;]","og_url":"https:\/\/barbarapeonia.it\/en\/il-simbolismo-nei-miei-quadri\/","og_site_name":"Barbara Peonia","article_publisher":"https:\/\/www.facebook.com\/profile.php?id=100009166722767","article_modified_time":"2024-11-03T10:36:47+00:00","og_image":[{"url":"https:\/\/barbarapeonia.it\/wp-content\/uploads\/sites\/13\/2016\/04\/simbolismo.jpg"}],"twitter_card":"summary","twitter_misc":{"Tempo di lettura stimato":"5 minuti"},"schema":{"@context":"https:\/\/schema.org","@graph":[{"@type":"WebSite","@id":"https:\/\/barbarapeonia.it\/#website","url":"https:\/\/barbarapeonia.it\/","name":"Barbara Peonia","description":"","potentialAction":[{"@type":"SearchAction","target":{"@type":"EntryPoint","urlTemplate":"https:\/\/barbarapeonia.it\/?s={search_term_string}"},"query-input":"required name=search_term_string"}],"inLanguage":"it-IT"},{"@type":"ImageObject","@id":"https:\/\/barbarapeonia.it\/en\/il-simbolismo-nei-miei-quadri\/#primaryimage","inLanguage":"it-IT","url":"\/wp-content\/uploads\/sites\/13\/2016\/04\/simbolismo.jpg","contentUrl":"\/wp-content\/uploads\/sites\/13\/2016\/04\/simbolismo.jpg"},{"@type":"WebPage","@id":"https:\/\/barbarapeonia.it\/en\/il-simbolismo-nei-miei-quadri\/#webpage","url":"https:\/\/barbarapeonia.it\/en\/il-simbolismo-nei-miei-quadri\/","name":"[:it]Il Simbolismo nei miei quadri[:en]Symbolism in my paintings[:fr]Le Symbolisme de mes peintures[:] &ndash; Barbara Peonia","isPartOf":{"@id":"https:\/\/barbarapeonia.it\/#website"},"primaryImageOfPage":{"@id":"https:\/\/barbarapeonia.it\/en\/il-simbolismo-nei-miei-quadri\/#primaryimage"},"datePublished":"2016-04-13T14:06:25+00:00","dateModified":"2024-11-03T10:36:47+00:00","breadcrumb":{"@id":"https:\/\/barbarapeonia.it\/en\/il-simbolismo-nei-miei-quadri\/#breadcrumb"},"inLanguage":"it-IT","potentialAction":[{"@type":"ReadAction","target":["https:\/\/barbarapeonia.it\/en\/il-simbolismo-nei-miei-quadri\/"]}]},{"@type":"BreadcrumbList","@id":"https:\/\/barbarapeonia.it\/en\/il-simbolismo-nei-miei-quadri\/#breadcrumb","itemListElement":[{"@type":"ListItem","position":1,"name":"Home","item":"https:\/\/barbarapeonia.it\/"},{"@type":"ListItem","position":2,"name":"Symbolism in my paintings"}]}]}},"jetpack_sharing_enabled":true,"jetpack_shortlink":"https:\/\/wp.me\/P8OyqA-cA","_links":{"self":[{"href":"https:\/\/barbarapeonia.it\/it\/wp-json\/wp\/v2\/pages\/780"}],"collection":[{"href":"https:\/\/barbarapeonia.it\/it\/wp-json\/wp\/v2\/pages"}],"about":[{"href":"https:\/\/barbarapeonia.it\/it\/wp-json\/wp\/v2\/types\/page"}],"author":[{"embeddable":true,"href":"https:\/\/barbarapeonia.it\/it\/wp-json\/wp\/v2\/users\/1"}],"replies":[{"embeddable":true,"href":"https:\/\/barbarapeonia.it\/it\/wp-json\/wp\/v2\/comments?post=780"}],"version-history":[{"count":23,"href":"https:\/\/barbarapeonia.it\/it\/wp-json\/wp\/v2\/pages\/780\/revisions"}],"predecessor-version":[{"id":24581,"href":"https:\/\/barbarapeonia.it\/it\/wp-json\/wp\/v2\/pages\/780\/revisions\/24581"}],"wp:attachment":[{"href":"https:\/\/barbarapeonia.it\/it\/wp-json\/wp\/v2\/media?parent=780"}],"curies":[{"name":"wp","href":"https:\/\/api.w.org\/{rel}","templated":true}]}}