{"id":766,"date":"2016-02-24T13:38:46","date_gmt":"2016-02-24T13:38:46","guid":{"rendered":"http:\/\/barbarapeonia.hyst.eu\/?page_id=766"},"modified":"2017-11-28T11:42:47","modified_gmt":"2017-11-28T10:42:47","slug":"iperquantismo-reale","status":"publish","type":"page","link":"https:\/\/barbarapeonia.it\/it\/iperquantismo-reale\/","title":{"rendered":"Iperquantismo Reale"},"content":{"rendered":"<p><br \/>\n<img data-attachment-id=\"1184\" data-permalink=\"https:\/\/barbarapeonia.it\/it\/iperquantismo-reale\/iperquantismo_reale\/\" data-orig-file=\"https:\/\/i0.wp.com\/barbarapeonia.hyst.eu\/wp-content\/uploads\/sites\/13\/2016\/02\/iperquantismo_reale.jpg?fit=1500%2C720&amp;ssl=1\" data-orig-size=\"1500,720\" data-comments-opened=\"0\" data-image-meta=\"{&quot;aperture&quot;:&quot;0&quot;,&quot;credit&quot;:&quot;&quot;,&quot;camera&quot;:&quot;&quot;,&quot;caption&quot;:&quot;&quot;,&quot;created_timestamp&quot;:&quot;0&quot;,&quot;copyright&quot;:&quot;&quot;,&quot;focal_length&quot;:&quot;0&quot;,&quot;iso&quot;:&quot;0&quot;,&quot;shutter_speed&quot;:&quot;0&quot;,&quot;title&quot;:&quot;&quot;,&quot;orientation&quot;:&quot;0&quot;}\" data-image-title=\"iperquantismo_reale\" data-image-description=\"\" data-image-caption=\"\" data-medium-file=\"https:\/\/i0.wp.com\/barbarapeonia.hyst.eu\/wp-content\/uploads\/sites\/13\/2016\/02\/iperquantismo_reale.jpg?fit=300%2C144&amp;ssl=1\" data-large-file=\"https:\/\/i0.wp.com\/barbarapeonia.hyst.eu\/wp-content\/uploads\/sites\/13\/2016\/02\/iperquantismo_reale.jpg?fit=1024%2C492&amp;ssl=1\" loading=\"lazy\" src=\"\/wp-content\/uploads\/sites\/13\/2016\/02\/iperquantismo_reale.jpg\" alt=\"\" width=\"740\" height=\"355\" class=\"alignnone size-full wp-image-1184\" srcset=\"https:\/\/i0.wp.com\/barbarapeonia.hyst.eu\/wp-content\/uploads\/sites\/13\/2016\/02\/iperquantismo_reale.jpg?w=1500&amp;ssl=1 1500w, https:\/\/i0.wp.com\/barbarapeonia.hyst.eu\/wp-content\/uploads\/sites\/13\/2016\/02\/iperquantismo_reale.jpg?resize=300%2C144&amp;ssl=1 300w, https:\/\/i0.wp.com\/barbarapeonia.hyst.eu\/wp-content\/uploads\/sites\/13\/2016\/02\/iperquantismo_reale.jpg?resize=768%2C369&amp;ssl=1 768w, https:\/\/i0.wp.com\/barbarapeonia.hyst.eu\/wp-content\/uploads\/sites\/13\/2016\/02\/iperquantismo_reale.jpg?resize=1024%2C492&amp;ssl=1 1024w\" sizes=\"(max-width: 740px) 100vw, 740px\" \/>Dopo l&#8217;avvento dell&#8217;Iperrealismo, segue una nuova tendenza pittorica che ne modifica i valori ma vuole mantenere rigorosamente lo studio e l&#8217;analisi della Realt\u00e0. Stiamo parlando dell&#8217;\u201d<strong>Iperquantismo Reale<\/strong>\u201d, una sorta di salto quantico dell&#8217;Iperrealismo, con cui nasce la necessit\u00e0 di andare oltre la staticit\u00e0 e la incomunicabilit\u00e0 delle immagini pittoriche che sfidano la fotografia.<\/p>\n<p>Gli Iperrealisti vogliono raccontare la realt\u00e0 in maniera distante e non partecipativa ma questo pu\u00f2 gi\u00e0 farlo l&#8217;obiettivo della macchina fotografica, per cui tra i nuovi artisti iperquantisti \u00e8 nata una sorta di esigenza innovativa che permetta di partecipare alla Realt\u00e0 interagendo con la materia stessa, per penetrarla e raccontarla in tutte le sue vibrazioni fino ai quanti.<br \/>\nPer fare ci\u00f2 \u00e8 necessario svuotare il proprio essere di ogni s\u00e9 illusorio, avvicinandosi sempre di pi\u00f9 al Reale per poterlo  meglio indagare e poi raccontare agli altri. In questo modo, la ricerca di interazione con la Realt\u00e0 potr\u00e0 guidare l&#8217;artista stesso in una sorta di Meditazione-Contemplazione, condizione necessaria per poter donare agli altri (\u201cNoi\u201d)* una vera opera d&#8217;Arte. Infatti alcuni dei pi\u00f9 grandi artisti, fra cui Salvador Dal\u00ec, erano soliti praticare,  prima di iniziare a dipingere, delle tecniche di meditazione che  consentissero loro di uscire dal flusso dei pensieri illusori  ed accedere a quello stato pi\u00f9 profondo che si sperimenta tra il sonno e la veglia.<\/p>\n<p>Questo \u00e8 ci\u00f2 che si prefigge l&#8217;<strong>Iperquantismo Reale<\/strong>: un percorso all&#8217;interno di se stessi, usando come trampolino la Realt\u00e0 che osserviamo, e quindi cambiare completamente il senso del Realismo, finora utilizzato dagli iperrealisti come una pura rappresentazione estetico-materiale.<\/p>\n<p>&nbsp;<\/p>\n<p>&nbsp;<\/p>\n<p>* Condizione Evolutiva dell&#8217;essere, in cui termina la separazione dell&#8217;io dal voi e diventa Unione e identificazione con il Noi.<br \/>\n<\/p>\n<p><\/p>\n<p><\/p>\n<div class=\"sharedaddy sd-sharing-enabled\"><div class=\"robots-nocontent sd-block sd-social sd-social-official sd-sharing\"><div class=\"sd-content\"><ul><li class=\"share-facebook\"><div class=\"fb-share-button\" data-href=\"https:\/\/barbarapeonia.it\/it\/iperquantismo-reale\/\" data-layout=\"button_count\"><\/div><\/li><li class=\"share-pinterest\"><div class=\"pinterest_button\"><a href=\"https:\/\/www.pinterest.com\/pin\/create\/button\/?url=https%3A%2F%2Fbarbarapeonia.it%2Fit%2Fiperquantismo-reale%2F&#038;media=%2Fwp-content%2Fuploads%2Fsites%2F13%2F2016%2F02%2Fiperquantismo_reale.jpg&#038;description=%5B%3Ait%5DIperquantismo%20Reale%5B%3Aen%5DReal%20%20Hyper%20Quantism%5B%3Afr%5DHyperquantisme%20R%C3%A9el%5B%3A%5D\" data-pin-do=\"buttonPin\" data-pin-config=\"beside\"><img src=\"https:\/\/i2.wp.com\/assets.pinterest.com\/images\/pidgets\/pinit_fg_en_rect_gray_20.png\" data-recalc-dims=\"1\" \/><\/a><\/div><\/li><li class=\"share-twitter\"><a href=\"https:\/\/twitter.com\/share\" class=\"twitter-share-button\" data-url=\"https:\/\/barbarapeonia.it\/it\/iperquantismo-reale\/\" data-text=\"Iperquantismo Reale\"  >Tweet<\/a><\/li><li class=\"share-email\"><a rel=\"nofollow noopener noreferrer\" data-shared=\"\" class=\"share-email sd-button\" href=\"https:\/\/barbarapeonia.it\/it\/iperquantismo-reale\/?share=email\" target=\"_blank\" title=\"Fai clic qui per inviare l'articolo via mail ad un amico\"><span>E-mail<\/span><\/a><\/li><li class=\"share-end\"><\/li><\/ul><\/div><\/div><\/div>","protected":false},"excerpt":{"rendered":"<p>Dopo l&#8217;avvento dell&#8217;Iperrealismo, segue una nuova tendenza pittorica che ne modifica i valori ma vuole mantenere rigorosamente lo studio e l&#8217;analisi della Realt\u00e0. Stiamo parlando dell&#8217;\u201dIperquantismo Reale\u201d, una sorta di salto quantico dell&#8217;Iperrealismo, con cui nasce la necessit\u00e0 di andare oltre la staticit\u00e0 e la incomunicabilit\u00e0 delle immagini pittoriche che sfidano la fotografia. Gli Iperrealisti [&hellip;]<\/p>\n<div class=\"sharedaddy sd-sharing-enabled\"><div class=\"robots-nocontent sd-block sd-social sd-social-official sd-sharing\"><div class=\"sd-content\"><ul><li class=\"share-facebook\"><div class=\"fb-share-button\" data-href=\"https:\/\/barbarapeonia.it\/it\/iperquantismo-reale\/\" data-layout=\"button_count\"><\/div><\/li><li class=\"share-pinterest\"><div class=\"pinterest_button\"><a href=\"https:\/\/www.pinterest.com\/pin\/create\/button\/?url=https%3A%2F%2Fbarbarapeonia.it%2Fit%2Fiperquantismo-reale%2F&#038;media=%2Fwp-content%2Fuploads%2Fsites%2F13%2F2016%2F02%2Fiperquantismo_reale.jpg&#038;description=%5B%3Ait%5DIperquantismo%20Reale%5B%3Aen%5DReal%20%20Hyper%20Quantism%5B%3Afr%5DHyperquantisme%20R%C3%A9el%5B%3A%5D\" data-pin-do=\"buttonPin\" data-pin-config=\"beside\"><img src=\"\/\/assets.pinterest.com\/images\/pidgets\/pinit_fg_en_rect_gray_20.png\" \/><\/a><\/div><\/li><li class=\"share-twitter\"><a href=\"https:\/\/twitter.com\/share\" class=\"twitter-share-button\" data-url=\"https:\/\/barbarapeonia.it\/it\/iperquantismo-reale\/\" data-text=\"[:it]Iperquantismo Reale[:en]Real  Hyper Quantism[:fr]Hyperquantisme R\u00e9el[:]\"  >Tweet<\/a><\/li><li class=\"share-email\"><a rel=\"nofollow noopener noreferrer\" data-shared=\"\" class=\"share-email sd-button\" href=\"https:\/\/barbarapeonia.it\/it\/iperquantismo-reale\/?share=email\" target=\"_blank\" title=\"Fai clic qui per inviare l'articolo via mail ad un amico\"><span>E-mail<\/span><\/a><\/li><li class=\"share-end\"><\/li><\/ul><\/div><\/div><\/div>","protected":false},"author":1,"featured_media":0,"parent":0,"menu_order":0,"comment_status":"closed","ping_status":"closed","template":"","meta":{"om_disable_all_campaigns":false,"_monsterinsights_skip_tracking":false,"_monsterinsights_sitenote_active":false,"_monsterinsights_sitenote_note":"","_monsterinsights_sitenote_category":0,"ngg_post_thumbnail":0,"spay_email":""},"yoast_head":"<!-- This site is optimized with the Yoast SEO plugin v18.4.1 - https:\/\/yoast.com\/wordpress\/plugins\/seo\/ -->\n<title>Iperquantismo Reale &ndash; Barbara Peonia<\/title>\n<meta name=\"robots\" content=\"index, follow, max-snippet:-1, max-image-preview:large, max-video-preview:-1\" \/>\n<link rel=\"canonical\" href=\"https:\/\/barbarapeonia.it\/en\/iperquantismo-reale\/\" \/>\n<meta property=\"og:locale\" content=\"it_IT\" \/>\n<meta property=\"og:type\" content=\"article\" \/>\n<meta property=\"og:title\" content=\"[:it]Iperquantismo Reale[:en]Real Hyper Quantism[:fr]Hyperquantisme R\u00e9el[:] &ndash; Barbara Peonia\" \/>\n<meta property=\"og:description\" content=\"Dopo l&#8217;avvento dell&#8217;Iperrealismo, segue una nuova tendenza pittorica che ne modifica i valori ma vuole mantenere rigorosamente lo studio e l&#8217;analisi della Realt\u00e0. Stiamo parlando dell&#8217;\u201dIperquantismo Reale\u201d, una sorta di salto quantico dell&#8217;Iperrealismo, con cui nasce la necessit\u00e0 di andare oltre la staticit\u00e0 e la incomunicabilit\u00e0 delle immagini pittoriche che sfidano la fotografia. Gli Iperrealisti [&hellip;]\" \/>\n<meta property=\"og:url\" content=\"https:\/\/barbarapeonia.it\/en\/iperquantismo-reale\/\" \/>\n<meta property=\"og:site_name\" content=\"Barbara Peonia\" \/>\n<meta property=\"article:publisher\" content=\"https:\/\/www.facebook.com\/profile.php?id=100009166722767\" \/>\n<meta property=\"article:modified_time\" content=\"2017-11-28T10:42:47+00:00\" \/>\n<meta property=\"og:image\" content=\"https:\/\/barbarapeonia.it\/wp-content\/uploads\/sites\/13\/2016\/02\/iperquantismo_reale.jpg\" \/>\n<meta name=\"twitter:card\" content=\"summary\" \/>\n<meta name=\"twitter:label1\" content=\"Tempo di lettura stimato\" \/>\n\t<meta name=\"twitter:data1\" content=\"5 minuti\" \/>\n<script type=\"application\/ld+json\" class=\"yoast-schema-graph\">{\"@context\":\"https:\/\/schema.org\",\"@graph\":[{\"@type\":\"WebSite\",\"@id\":\"https:\/\/barbarapeonia.it\/#website\",\"url\":\"https:\/\/barbarapeonia.it\/\",\"name\":\"Barbara Peonia\",\"description\":\"\",\"potentialAction\":[{\"@type\":\"SearchAction\",\"target\":{\"@type\":\"EntryPoint\",\"urlTemplate\":\"https:\/\/barbarapeonia.it\/?s={search_term_string}\"},\"query-input\":\"required name=search_term_string\"}],\"inLanguage\":\"it-IT\"},{\"@type\":\"ImageObject\",\"@id\":\"https:\/\/barbarapeonia.it\/en\/iperquantismo-reale\/#primaryimage\",\"inLanguage\":\"it-IT\",\"url\":\"\/wp-content\/uploads\/sites\/13\/2016\/02\/iperquantismo_reale.jpg\",\"contentUrl\":\"\/wp-content\/uploads\/sites\/13\/2016\/02\/iperquantismo_reale.jpg\"},{\"@type\":\"WebPage\",\"@id\":\"https:\/\/barbarapeonia.it\/en\/iperquantismo-reale\/#webpage\",\"url\":\"https:\/\/barbarapeonia.it\/en\/iperquantismo-reale\/\",\"name\":\"[:it]Iperquantismo Reale[:en]Real Hyper Quantism[:fr]Hyperquantisme R\u00e9el[:] &ndash; Barbara Peonia\",\"isPartOf\":{\"@id\":\"https:\/\/barbarapeonia.it\/#website\"},\"primaryImageOfPage\":{\"@id\":\"https:\/\/barbarapeonia.it\/en\/iperquantismo-reale\/#primaryimage\"},\"datePublished\":\"2016-02-24T13:38:46+00:00\",\"dateModified\":\"2017-11-28T10:42:47+00:00\",\"breadcrumb\":{\"@id\":\"https:\/\/barbarapeonia.it\/en\/iperquantismo-reale\/#breadcrumb\"},\"inLanguage\":\"it-IT\",\"potentialAction\":[{\"@type\":\"ReadAction\",\"target\":[\"https:\/\/barbarapeonia.it\/en\/iperquantismo-reale\/\"]}]},{\"@type\":\"BreadcrumbList\",\"@id\":\"https:\/\/barbarapeonia.it\/en\/iperquantismo-reale\/#breadcrumb\",\"itemListElement\":[{\"@type\":\"ListItem\",\"position\":1,\"name\":\"Home\",\"item\":\"https:\/\/barbarapeonia.it\/\"},{\"@type\":\"ListItem\",\"position\":2,\"name\":\"Real Hyper Quantism\"}]}]}<\/script>\n<!-- \/ Yoast SEO plugin. -->","yoast_head_json":{"title":"[:it]Iperquantismo Reale[:en]Real Hyper Quantism[:fr]Hyperquantisme R\u00e9el[:] &ndash; Barbara Peonia","robots":{"index":"index","follow":"follow","max-snippet":"max-snippet:-1","max-image-preview":"max-image-preview:large","max-video-preview":"max-video-preview:-1"},"canonical":"https:\/\/barbarapeonia.it\/en\/iperquantismo-reale\/","og_locale":"it_IT","og_type":"article","og_title":"[:it]Iperquantismo Reale[:en]Real Hyper Quantism[:fr]Hyperquantisme R\u00e9el[:] &ndash; Barbara Peonia","og_description":"Dopo l&#8217;avvento dell&#8217;Iperrealismo, segue una nuova tendenza pittorica che ne modifica i valori ma vuole mantenere rigorosamente lo studio e l&#8217;analisi della Realt\u00e0. Stiamo parlando dell&#8217;\u201dIperquantismo Reale\u201d, una sorta di salto quantico dell&#8217;Iperrealismo, con cui nasce la necessit\u00e0 di andare oltre la staticit\u00e0 e la incomunicabilit\u00e0 delle immagini pittoriche che sfidano la fotografia. Gli Iperrealisti [&hellip;]","og_url":"https:\/\/barbarapeonia.it\/en\/iperquantismo-reale\/","og_site_name":"Barbara Peonia","article_publisher":"https:\/\/www.facebook.com\/profile.php?id=100009166722767","article_modified_time":"2017-11-28T10:42:47+00:00","og_image":[{"url":"https:\/\/barbarapeonia.it\/wp-content\/uploads\/sites\/13\/2016\/02\/iperquantismo_reale.jpg"}],"twitter_card":"summary","twitter_misc":{"Tempo di lettura stimato":"5 minuti"},"schema":{"@context":"https:\/\/schema.org","@graph":[{"@type":"WebSite","@id":"https:\/\/barbarapeonia.it\/#website","url":"https:\/\/barbarapeonia.it\/","name":"Barbara Peonia","description":"","potentialAction":[{"@type":"SearchAction","target":{"@type":"EntryPoint","urlTemplate":"https:\/\/barbarapeonia.it\/?s={search_term_string}"},"query-input":"required name=search_term_string"}],"inLanguage":"it-IT"},{"@type":"ImageObject","@id":"https:\/\/barbarapeonia.it\/en\/iperquantismo-reale\/#primaryimage","inLanguage":"it-IT","url":"\/wp-content\/uploads\/sites\/13\/2016\/02\/iperquantismo_reale.jpg","contentUrl":"\/wp-content\/uploads\/sites\/13\/2016\/02\/iperquantismo_reale.jpg"},{"@type":"WebPage","@id":"https:\/\/barbarapeonia.it\/en\/iperquantismo-reale\/#webpage","url":"https:\/\/barbarapeonia.it\/en\/iperquantismo-reale\/","name":"[:it]Iperquantismo Reale[:en]Real Hyper Quantism[:fr]Hyperquantisme R\u00e9el[:] &ndash; Barbara Peonia","isPartOf":{"@id":"https:\/\/barbarapeonia.it\/#website"},"primaryImageOfPage":{"@id":"https:\/\/barbarapeonia.it\/en\/iperquantismo-reale\/#primaryimage"},"datePublished":"2016-02-24T13:38:46+00:00","dateModified":"2017-11-28T10:42:47+00:00","breadcrumb":{"@id":"https:\/\/barbarapeonia.it\/en\/iperquantismo-reale\/#breadcrumb"},"inLanguage":"it-IT","potentialAction":[{"@type":"ReadAction","target":["https:\/\/barbarapeonia.it\/en\/iperquantismo-reale\/"]}]},{"@type":"BreadcrumbList","@id":"https:\/\/barbarapeonia.it\/en\/iperquantismo-reale\/#breadcrumb","itemListElement":[{"@type":"ListItem","position":1,"name":"Home","item":"https:\/\/barbarapeonia.it\/"},{"@type":"ListItem","position":2,"name":"Real Hyper Quantism"}]}]}},"jetpack_sharing_enabled":true,"jetpack_shortlink":"https:\/\/wp.me\/P8OyqA-cm","_links":{"self":[{"href":"https:\/\/barbarapeonia.it\/it\/wp-json\/wp\/v2\/pages\/766"}],"collection":[{"href":"https:\/\/barbarapeonia.it\/it\/wp-json\/wp\/v2\/pages"}],"about":[{"href":"https:\/\/barbarapeonia.it\/it\/wp-json\/wp\/v2\/types\/page"}],"author":[{"embeddable":true,"href":"https:\/\/barbarapeonia.it\/it\/wp-json\/wp\/v2\/users\/1"}],"replies":[{"embeddable":true,"href":"https:\/\/barbarapeonia.it\/it\/wp-json\/wp\/v2\/comments?post=766"}],"version-history":[{"count":13,"href":"https:\/\/barbarapeonia.it\/it\/wp-json\/wp\/v2\/pages\/766\/revisions"}],"predecessor-version":[{"id":1185,"href":"https:\/\/barbarapeonia.it\/it\/wp-json\/wp\/v2\/pages\/766\/revisions\/1185"}],"wp:attachment":[{"href":"https:\/\/barbarapeonia.it\/it\/wp-json\/wp\/v2\/media?parent=766"}],"curies":[{"name":"wp","href":"https:\/\/api.w.org\/{rel}","templated":true}]}}