{"id":582,"date":"2015-07-28T17:08:03","date_gmt":"2015-07-28T16:08:03","guid":{"rendered":"http:\/\/barbarapeonia.hyst.eu\/?page_id=582"},"modified":"2017-11-29T11:39:37","modified_gmt":"2017-11-29T10:39:37","slug":"simboli","status":"publish","type":"page","link":"https:\/\/barbarapeonia.it\/it\/simboli\/","title":{"rendered":"Simboli"},"content":{"rendered":"<p><img data-attachment-id=\"1202\" data-permalink=\"https:\/\/barbarapeonia.it\/it\/simboli\/simboli-3\/\" data-orig-file=\"https:\/\/i0.wp.com\/barbarapeonia.hyst.eu\/wp-content\/uploads\/sites\/13\/2015\/07\/simboli-1.jpg?fit=768%2C510&amp;ssl=1\" data-orig-size=\"768,510\" data-comments-opened=\"0\" data-image-meta=\"{&quot;aperture&quot;:&quot;0&quot;,&quot;credit&quot;:&quot;&quot;,&quot;camera&quot;:&quot;&quot;,&quot;caption&quot;:&quot;&quot;,&quot;created_timestamp&quot;:&quot;0&quot;,&quot;copyright&quot;:&quot;&quot;,&quot;focal_length&quot;:&quot;0&quot;,&quot;iso&quot;:&quot;0&quot;,&quot;shutter_speed&quot;:&quot;0&quot;,&quot;title&quot;:&quot;&quot;,&quot;orientation&quot;:&quot;1&quot;}\" data-image-title=\"simboli\" data-image-description=\"\" data-image-caption=\"\" data-medium-file=\"https:\/\/i0.wp.com\/barbarapeonia.hyst.eu\/wp-content\/uploads\/sites\/13\/2015\/07\/simboli-1.jpg?fit=300%2C199&amp;ssl=1\" data-large-file=\"https:\/\/i0.wp.com\/barbarapeonia.hyst.eu\/wp-content\/uploads\/sites\/13\/2015\/07\/simboli-1.jpg?fit=768%2C510&amp;ssl=1\" loading=\"lazy\" src=\"\/wp-content\/uploads\/sites\/13\/2015\/07\/simboli-1.jpg\" alt=\"\" width=\"740\" height=\"491\" class=\"alignnone size-full wp-image-1202\" srcset=\"https:\/\/i0.wp.com\/barbarapeonia.hyst.eu\/wp-content\/uploads\/sites\/13\/2015\/07\/simboli-1.jpg?w=768&amp;ssl=1 768w, https:\/\/i0.wp.com\/barbarapeonia.hyst.eu\/wp-content\/uploads\/sites\/13\/2015\/07\/simboli-1.jpg?resize=300%2C199&amp;ssl=1 300w\" sizes=\"(max-width: 740px) 100vw, 740px\" \/><strong>Cane<\/strong> = fedelt\u00e0<\/p>\n<p><strong>Clessidra<\/strong> = dimensione collegata con lo spazio-tempo<\/p>\n<p><strong>Conchiglia<\/strong> = tutto ci\u00f2 che riguarda l&#8217;evoluzione<\/p>\n<p><strong>Cubi e parallelepipedi<\/strong> = universo dei mondi quadrati, saggezza trans-universale<\/p>\n<p><strong>Farfalla<\/strong> = libert\u00e0 dalle restrizioni mentali, innalzamento verso piani pi\u00f9 Sottili<\/p>\n<p><strong>Melograno<\/strong> = rappresenta la Fertilit\u00e0<\/p>\n<p><strong>Perle<\/strong> =  quanti di energia<\/p>\n<p><strong>Rosa<\/strong> = simboleggia l&#8217;Amore direzionale o quello Universale<\/p>\n<p><strong>Scale<\/strong> = piani evolutivi dell&#8217;essere<\/p>\n<p><strong>Sfinge<\/strong> = collegamento con le leggi del Dharma, saggezza antica<\/p>\n<p><strong>Tridacna<\/strong> = simbolo di Spiritualit\u00e0<\/p>\n<p><strong>Uovo<\/strong> = universo cosmico. Associato alla rosa rappresenta l&#8217;Amore Universale<\/p>\n<h4>Simbolismo dei numeri<\/h4>\n<p><strong>0 = Ricordi presi dal Nulla. (Assoluto)<\/strong><\/p>\n<p><strong>1 = Colui che cerca (Il Creato)<\/strong> Dal Nulla, la Soglia che al Nulla si affaccia. Il Punto che senza spazio tempo, alla creazione, inizia il suo percorso.<\/p>\n<p><strong>2 = Provenienza dell&#8217;essere (La dualit\u00e0)<\/strong> Creatore-Creato, Buio-Luce. La dualit\u00e0, la generatrice Cosmica, la Natura. Dal Vuoto alle molteplici energie, la provenienza.<\/p>\n<p><strong>3 = Il Ricercatore (Coscienza dell&#8217;Eterno)<\/strong> Energia, Intelligenza, Amore. La Trinit\u00e0 Divina diviene trinit\u00e0 umana, Uno ma Trino. Ecco la somiglianza con l&#8217;essere senziente: mente, sensazioni, corpo fisico. Con il sacco vuoto per meglio procedere per \u201cattraversarsi\u201d.<\/p>\n<p><strong>4 = Il Saggio (Apparente sapere)<\/strong> Il numero fondamento dell&#8217;Universo. Le quattro sfere del mentale, il quattro ricorrente da cercare, la Saggezza, il Saggio.<\/p>\n<p><strong>5 = Inizia il cammino (La Via intuita)<\/strong> Tutti gli elementi ci sono per iniziare la ricerca: 5 sensi, 5 elementi, 5 dita, 5 foderi.<\/p>\n<p><strong>6 = La Porta, le Porte (L&#8217;Anima)<\/strong> L&#8217;Anima individuale, primo obiettivo dell&#8217;essere.<\/p>\n<p><strong>7 = Illusione (Percorsi necessari)<\/strong> L&#8217;illusione. Il percorso, necessit\u00e0 di immersione totale nella libert\u00e0 della Creazione.<\/p>\n<p><strong>8 = Le forme (La libert\u00e0 prigione)<\/strong> Le forme necessarie ad esprimere tutti i movimenti delle gabbie energetiche dell&#8217;essere, nell&#8217;immensa gabbia-universo come forma.<\/p>\n<p><strong>9 = Il sacco (L&#8217;Universo-Anima)<\/strong> L&#8217;Universo, l&#8217;Anima Universale, somma di tutte le Anime.<br \/>\nInvolucro delle forme e delle illusioni, ultimo percepibile obiettivo.<\/p>\n<h4>Simbolismi di Psicologia Quantica<\/h4>\n<h5>4 sfere, zone o aree del corpo mentale<\/h5>\n<p><strong>1\u00b0 sfera<\/strong> = area della sessualit\u00e0 o ripetitivit\u00e0<br \/>\n<strong>2\u00b0 sfera<\/strong> = area dell&#8217;io<br \/>\n<strong>3\u00b0 sfera<\/strong> = area dell&#8217;affettivit\u00e0<br \/>\n<strong>4\u00b0 sfera<\/strong> = area della comprensione<\/p>\n<h5>5 foderi dell&#8217;essere<\/h5>\n<p>Partendo dal pi\u00f9 grezzo:<br \/>\n1 = corpo fisico<br \/>\n2 = corpo astrale o delle sensazioni<br \/>\n3 = corpo mentale<br \/>\n4 = Intelletto o filo sottile che pu\u00f2 condurre alle intuizioni e che pu\u00f2 collegarsi alle leggi dell&#8217;Universo<br \/>\n5 = Anima<br \/>\nI primi tre foderi sono quelli mortali; gli altri due possono considerarsi Eterni.<br \/>\n<\/p>\n<p><\/p>\n<p><\/p>\n<div class=\"sharedaddy sd-sharing-enabled\"><div class=\"robots-nocontent sd-block sd-social sd-social-official sd-sharing\"><div class=\"sd-content\"><ul><li class=\"share-facebook\"><div class=\"fb-share-button\" data-href=\"https:\/\/barbarapeonia.it\/it\/simboli\/\" data-layout=\"button_count\"><\/div><\/li><li class=\"share-pinterest\"><div class=\"pinterest_button\"><a href=\"https:\/\/www.pinterest.com\/pin\/create\/button\/?url=https%3A%2F%2Fbarbarapeonia.it%2Fit%2Fsimboli%2F&#038;media=%2Fwp-content%2Fuploads%2Fsites%2F13%2F2015%2F07%2Fsimboli-1.jpg&#038;description=%5B%3Ait%5DSimboli%5B%3Aen%5DSymbols%5B%3Afr%5DSymboles%5B%3A%5D\" data-pin-do=\"buttonPin\" data-pin-config=\"beside\"><img src=\"https:\/\/i2.wp.com\/assets.pinterest.com\/images\/pidgets\/pinit_fg_en_rect_gray_20.png\" data-recalc-dims=\"1\" \/><\/a><\/div><\/li><li class=\"share-twitter\"><a href=\"https:\/\/twitter.com\/share\" class=\"twitter-share-button\" data-url=\"https:\/\/barbarapeonia.it\/it\/simboli\/\" data-text=\"Simboli\"  >Tweet<\/a><\/li><li class=\"share-email\"><a rel=\"nofollow noopener noreferrer\" data-shared=\"\" class=\"share-email sd-button\" href=\"https:\/\/barbarapeonia.it\/it\/simboli\/?share=email\" target=\"_blank\" title=\"Fai clic qui per inviare l'articolo via mail ad un amico\"><span>E-mail<\/span><\/a><\/li><li class=\"share-end\"><\/li><\/ul><\/div><\/div><\/div>","protected":false},"excerpt":{"rendered":"<p>Cane = fedelt\u00e0 Clessidra = dimensione collegata con lo spazio-tempo Conchiglia = tutto ci\u00f2 che riguarda l&#8217;evoluzione Cubi e parallelepipedi = universo dei mondi quadrati, saggezza trans-universale Farfalla = libert\u00e0 dalle restrizioni mentali, innalzamento verso piani pi\u00f9 Sottili Melograno = rappresenta la Fertilit\u00e0 Perle = quanti di energia Rosa = simboleggia l&#8217;Amore direzionale o quello [&hellip;]<\/p>\n<div class=\"sharedaddy sd-sharing-enabled\"><div class=\"robots-nocontent sd-block sd-social sd-social-official sd-sharing\"><div class=\"sd-content\"><ul><li class=\"share-facebook\"><div class=\"fb-share-button\" data-href=\"https:\/\/barbarapeonia.it\/it\/simboli\/\" data-layout=\"button_count\"><\/div><\/li><li class=\"share-pinterest\"><div class=\"pinterest_button\"><a href=\"https:\/\/www.pinterest.com\/pin\/create\/button\/?url=https%3A%2F%2Fbarbarapeonia.it%2Fit%2Fsimboli%2F&#038;media=%2Fwp-content%2Fuploads%2Fsites%2F13%2F2015%2F07%2Fsimboli-1.jpg&#038;description=%5B%3Ait%5DSimboli%5B%3Aen%5DSymbols%5B%3Afr%5DSymboles%5B%3A%5D\" data-pin-do=\"buttonPin\" data-pin-config=\"beside\"><img src=\"\/\/assets.pinterest.com\/images\/pidgets\/pinit_fg_en_rect_gray_20.png\" \/><\/a><\/div><\/li><li class=\"share-twitter\"><a href=\"https:\/\/twitter.com\/share\" class=\"twitter-share-button\" data-url=\"https:\/\/barbarapeonia.it\/it\/simboli\/\" data-text=\"[:it]Simboli[:en]Symbols[:fr]Symboles[:]\"  >Tweet<\/a><\/li><li class=\"share-email\"><a rel=\"nofollow noopener noreferrer\" data-shared=\"\" class=\"share-email sd-button\" href=\"https:\/\/barbarapeonia.it\/it\/simboli\/?share=email\" target=\"_blank\" title=\"Fai clic qui per inviare l'articolo via mail ad un amico\"><span>E-mail<\/span><\/a><\/li><li class=\"share-end\"><\/li><\/ul><\/div><\/div><\/div>","protected":false},"author":1,"featured_media":0,"parent":0,"menu_order":0,"comment_status":"closed","ping_status":"closed","template":"","meta":{"om_disable_all_campaigns":false,"_monsterinsights_skip_tracking":false,"_monsterinsights_sitenote_active":false,"_monsterinsights_sitenote_note":"","_monsterinsights_sitenote_category":0,"ngg_post_thumbnail":0,"spay_email":""},"yoast_head":"<!-- This site is optimized with the Yoast SEO plugin v18.4.1 - https:\/\/yoast.com\/wordpress\/plugins\/seo\/ -->\n<title>Simboli &ndash; Barbara Peonia<\/title>\n<meta name=\"robots\" content=\"index, follow, max-snippet:-1, max-image-preview:large, max-video-preview:-1\" \/>\n<link rel=\"canonical\" href=\"https:\/\/barbarapeonia.it\/en\/simboli\/\" \/>\n<meta property=\"og:locale\" content=\"it_IT\" \/>\n<meta property=\"og:type\" content=\"article\" \/>\n<meta property=\"og:title\" content=\"[:it]Simboli[:en]Symbols[:fr]Symboles[:] &ndash; Barbara Peonia\" \/>\n<meta property=\"og:description\" content=\"Cane = fedelt\u00e0 Clessidra = dimensione collegata con lo spazio-tempo Conchiglia = tutto ci\u00f2 che riguarda l&#8217;evoluzione Cubi e parallelepipedi = universo dei mondi quadrati, saggezza trans-universale Farfalla = libert\u00e0 dalle restrizioni mentali, innalzamento verso piani pi\u00f9 Sottili Melograno = rappresenta la Fertilit\u00e0 Perle = quanti di energia Rosa = simboleggia l&#8217;Amore direzionale o quello [&hellip;]\" \/>\n<meta property=\"og:url\" content=\"https:\/\/barbarapeonia.it\/en\/simboli\/\" \/>\n<meta property=\"og:site_name\" content=\"Barbara Peonia\" \/>\n<meta property=\"article:publisher\" content=\"https:\/\/www.facebook.com\/profile.php?id=100009166722767\" \/>\n<meta property=\"article:modified_time\" content=\"2017-11-29T10:39:37+00:00\" \/>\n<meta property=\"og:image\" content=\"https:\/\/barbarapeonia.it\/wp-content\/uploads\/sites\/13\/2015\/07\/simboli-1.jpg\" \/>\n<meta name=\"twitter:card\" content=\"summary\" \/>\n<meta name=\"twitter:label1\" content=\"Tempo di lettura stimato\" \/>\n\t<meta name=\"twitter:data1\" content=\"6 minuti\" \/>\n<script type=\"application\/ld+json\" class=\"yoast-schema-graph\">{\"@context\":\"https:\/\/schema.org\",\"@graph\":[{\"@type\":\"WebSite\",\"@id\":\"https:\/\/barbarapeonia.it\/#website\",\"url\":\"https:\/\/barbarapeonia.it\/\",\"name\":\"Barbara Peonia\",\"description\":\"\",\"potentialAction\":[{\"@type\":\"SearchAction\",\"target\":{\"@type\":\"EntryPoint\",\"urlTemplate\":\"https:\/\/barbarapeonia.it\/?s={search_term_string}\"},\"query-input\":\"required name=search_term_string\"}],\"inLanguage\":\"it-IT\"},{\"@type\":\"ImageObject\",\"@id\":\"https:\/\/barbarapeonia.it\/en\/simboli\/#primaryimage\",\"inLanguage\":\"it-IT\",\"url\":\"\/wp-content\/uploads\/sites\/13\/2015\/07\/simboli-1.jpg\",\"contentUrl\":\"\/wp-content\/uploads\/sites\/13\/2015\/07\/simboli-1.jpg\"},{\"@type\":\"WebPage\",\"@id\":\"https:\/\/barbarapeonia.it\/en\/simboli\/#webpage\",\"url\":\"https:\/\/barbarapeonia.it\/en\/simboli\/\",\"name\":\"[:it]Simboli[:en]Symbols[:fr]Symboles[:] &ndash; Barbara Peonia\",\"isPartOf\":{\"@id\":\"https:\/\/barbarapeonia.it\/#website\"},\"primaryImageOfPage\":{\"@id\":\"https:\/\/barbarapeonia.it\/en\/simboli\/#primaryimage\"},\"datePublished\":\"2015-07-28T16:08:03+00:00\",\"dateModified\":\"2017-11-29T10:39:37+00:00\",\"breadcrumb\":{\"@id\":\"https:\/\/barbarapeonia.it\/en\/simboli\/#breadcrumb\"},\"inLanguage\":\"it-IT\",\"potentialAction\":[{\"@type\":\"ReadAction\",\"target\":[\"https:\/\/barbarapeonia.it\/en\/simboli\/\"]}]},{\"@type\":\"BreadcrumbList\",\"@id\":\"https:\/\/barbarapeonia.it\/en\/simboli\/#breadcrumb\",\"itemListElement\":[{\"@type\":\"ListItem\",\"position\":1,\"name\":\"Home\",\"item\":\"https:\/\/barbarapeonia.it\/\"},{\"@type\":\"ListItem\",\"position\":2,\"name\":\"Symbols\"}]}]}<\/script>\n<!-- \/ Yoast SEO plugin. -->","yoast_head_json":{"title":"[:it]Simboli[:en]Symbols[:fr]Symboles[:] &ndash; Barbara Peonia","robots":{"index":"index","follow":"follow","max-snippet":"max-snippet:-1","max-image-preview":"max-image-preview:large","max-video-preview":"max-video-preview:-1"},"canonical":"https:\/\/barbarapeonia.it\/en\/simboli\/","og_locale":"it_IT","og_type":"article","og_title":"[:it]Simboli[:en]Symbols[:fr]Symboles[:] &ndash; Barbara Peonia","og_description":"Cane = fedelt\u00e0 Clessidra = dimensione collegata con lo spazio-tempo Conchiglia = tutto ci\u00f2 che riguarda l&#8217;evoluzione Cubi e parallelepipedi = universo dei mondi quadrati, saggezza trans-universale Farfalla = libert\u00e0 dalle restrizioni mentali, innalzamento verso piani pi\u00f9 Sottili Melograno = rappresenta la Fertilit\u00e0 Perle = quanti di energia Rosa = simboleggia l&#8217;Amore direzionale o quello [&hellip;]","og_url":"https:\/\/barbarapeonia.it\/en\/simboli\/","og_site_name":"Barbara Peonia","article_publisher":"https:\/\/www.facebook.com\/profile.php?id=100009166722767","article_modified_time":"2017-11-29T10:39:37+00:00","og_image":[{"url":"https:\/\/barbarapeonia.it\/wp-content\/uploads\/sites\/13\/2015\/07\/simboli-1.jpg"}],"twitter_card":"summary","twitter_misc":{"Tempo di lettura stimato":"6 minuti"},"schema":{"@context":"https:\/\/schema.org","@graph":[{"@type":"WebSite","@id":"https:\/\/barbarapeonia.it\/#website","url":"https:\/\/barbarapeonia.it\/","name":"Barbara Peonia","description":"","potentialAction":[{"@type":"SearchAction","target":{"@type":"EntryPoint","urlTemplate":"https:\/\/barbarapeonia.it\/?s={search_term_string}"},"query-input":"required name=search_term_string"}],"inLanguage":"it-IT"},{"@type":"ImageObject","@id":"https:\/\/barbarapeonia.it\/en\/simboli\/#primaryimage","inLanguage":"it-IT","url":"\/wp-content\/uploads\/sites\/13\/2015\/07\/simboli-1.jpg","contentUrl":"\/wp-content\/uploads\/sites\/13\/2015\/07\/simboli-1.jpg"},{"@type":"WebPage","@id":"https:\/\/barbarapeonia.it\/en\/simboli\/#webpage","url":"https:\/\/barbarapeonia.it\/en\/simboli\/","name":"[:it]Simboli[:en]Symbols[:fr]Symboles[:] &ndash; Barbara Peonia","isPartOf":{"@id":"https:\/\/barbarapeonia.it\/#website"},"primaryImageOfPage":{"@id":"https:\/\/barbarapeonia.it\/en\/simboli\/#primaryimage"},"datePublished":"2015-07-28T16:08:03+00:00","dateModified":"2017-11-29T10:39:37+00:00","breadcrumb":{"@id":"https:\/\/barbarapeonia.it\/en\/simboli\/#breadcrumb"},"inLanguage":"it-IT","potentialAction":[{"@type":"ReadAction","target":["https:\/\/barbarapeonia.it\/en\/simboli\/"]}]},{"@type":"BreadcrumbList","@id":"https:\/\/barbarapeonia.it\/en\/simboli\/#breadcrumb","itemListElement":[{"@type":"ListItem","position":1,"name":"Home","item":"https:\/\/barbarapeonia.it\/"},{"@type":"ListItem","position":2,"name":"Symbols"}]}]}},"jetpack_sharing_enabled":true,"jetpack_shortlink":"https:\/\/wp.me\/P8OyqA-9o","_links":{"self":[{"href":"https:\/\/barbarapeonia.it\/it\/wp-json\/wp\/v2\/pages\/582"}],"collection":[{"href":"https:\/\/barbarapeonia.it\/it\/wp-json\/wp\/v2\/pages"}],"about":[{"href":"https:\/\/barbarapeonia.it\/it\/wp-json\/wp\/v2\/types\/page"}],"author":[{"embeddable":true,"href":"https:\/\/barbarapeonia.it\/it\/wp-json\/wp\/v2\/users\/1"}],"replies":[{"embeddable":true,"href":"https:\/\/barbarapeonia.it\/it\/wp-json\/wp\/v2\/comments?post=582"}],"version-history":[{"count":28,"href":"https:\/\/barbarapeonia.it\/it\/wp-json\/wp\/v2\/pages\/582\/revisions"}],"predecessor-version":[{"id":586,"href":"https:\/\/barbarapeonia.it\/it\/wp-json\/wp\/v2\/pages\/582\/revisions\/586"}],"wp:attachment":[{"href":"https:\/\/barbarapeonia.it\/it\/wp-json\/wp\/v2\/media?parent=582"}],"curies":[{"name":"wp","href":"https:\/\/api.w.org\/{rel}","templated":true}]}}