{"id":572,"date":"2015-07-28T16:54:26","date_gmt":"2015-07-28T15:54:26","guid":{"rendered":"http:\/\/barbarapeonia.hyst.eu\/?page_id=572"},"modified":"2018-10-05T17:35:03","modified_gmt":"2018-10-05T15:35:03","slug":"surrealisme-post-moderne-quantique","status":"publish","type":"page","link":"https:\/\/barbarapeonia.it\/en\/surrealisme-post-moderne-quantique\/","title":{"rendered":"Postmodern Quantum Surrealism"},"content":{"rendered":"<p><\/p>\n<p><br \/>\n<img data-attachment-id=\"1419\" data-permalink=\"https:\/\/barbarapeonia.it\/en\/surrealisme-post-moderne-quantique\/surrealismo-3\/\" data-orig-file=\"https:\/\/i1.wp.com\/barbarapeonia.hyst.eu\/wp-content\/uploads\/sites\/13\/2018\/10\/surrealismo.jpg?fit=1000%2C509&amp;ssl=1\" data-orig-size=\"1000,509\" data-comments-opened=\"0\" data-image-meta=\"{&quot;aperture&quot;:&quot;0&quot;,&quot;credit&quot;:&quot;&quot;,&quot;camera&quot;:&quot;&quot;,&quot;caption&quot;:&quot;&quot;,&quot;created_timestamp&quot;:&quot;0&quot;,&quot;copyright&quot;:&quot;&quot;,&quot;focal_length&quot;:&quot;0&quot;,&quot;iso&quot;:&quot;0&quot;,&quot;shutter_speed&quot;:&quot;0&quot;,&quot;title&quot;:&quot;&quot;,&quot;orientation&quot;:&quot;0&quot;}\" data-image-title=\"surrealismo\" data-image-description=\"\" data-image-caption=\"\" data-medium-file=\"https:\/\/i1.wp.com\/barbarapeonia.hyst.eu\/wp-content\/uploads\/sites\/13\/2018\/10\/surrealismo.jpg?fit=300%2C153&amp;ssl=1\" data-large-file=\"https:\/\/i1.wp.com\/barbarapeonia.hyst.eu\/wp-content\/uploads\/sites\/13\/2018\/10\/surrealismo.jpg?fit=1000%2C509&amp;ssl=1\" loading=\"lazy\" src=\"\/wp-content\/uploads\/sites\/13\/2018\/10\/surrealismo.jpg\" alt=\"\" width=\"740\" height=\"377\" class=\"alignnone size-full wp-image-1419\" srcset=\"https:\/\/i1.wp.com\/barbarapeonia.hyst.eu\/wp-content\/uploads\/sites\/13\/2018\/10\/surrealismo.jpg?w=1000&amp;ssl=1 1000w, https:\/\/i1.wp.com\/barbarapeonia.hyst.eu\/wp-content\/uploads\/sites\/13\/2018\/10\/surrealismo.jpg?resize=300%2C153&amp;ssl=1 300w, https:\/\/i1.wp.com\/barbarapeonia.hyst.eu\/wp-content\/uploads\/sites\/13\/2018\/10\/surrealismo.jpg?resize=768%2C391&amp;ssl=1 768w\" sizes=\"(max-width: 740px) 100vw, 740px\" \/>Through Postmodern Quantum Surrealism I try to express my constant research for a Greater and Profound Reality which runs parallel to the tied-to-time-and-space illusory reality.<\/p>\n<p>It is only through the deepest Intuition that we can access the Core of all things and the smallest Quantum of Energy, where the Universe\u2019s Noumenal information is contained.<\/p>\n<p>Therefore unlike the early 1900s Surrealism,  where artists needed and wanted to represent their unconscious minds\u2019 dreams, and their \u2013 mostly subjective \u2013 vision of the world, Quantum Surrealism evolves into an artistic representation of Objective and universally valid content.<\/p>\n<p>As Salvador Dal\u00ed announced prophetically, \u201cthe painting style of the future will take into account what physicists call Quantum of energy, and it will be a truthful representation of Reality which will have to be animated by a discontinuity of the matter. The great Artist will have to be able to assimilate the Nothingness into his work and tomorrow\u2019s Art will give the breath of life to this Nothingness.\u201d<\/p>\n<p>The great Genius predicted Art\u2019s destiny in its future revival. The new Quantum Artists will have to understand and carry on this new philosophy, moving away from false conceptions of art as an end in itself, whose sole purpose is to decorate or exhibit technical skill without communicating anything at all.<br \/>\n<\/p>\n<p><\/p>\n<div class=\"sharedaddy sd-sharing-enabled\"><div class=\"robots-nocontent sd-block sd-social sd-social-official sd-sharing\"><div class=\"sd-content\"><ul><li class=\"share-facebook\"><div class=\"fb-share-button\" data-href=\"https:\/\/barbarapeonia.it\/en\/surrealisme-post-moderne-quantique\/\" data-layout=\"button_count\"><\/div><\/li><li class=\"share-pinterest\"><div class=\"pinterest_button\"><a href=\"https:\/\/www.pinterest.com\/pin\/create\/button\/?url=https%3A%2F%2Fbarbarapeonia.it%2Fen%2Fsurrealisme-post-moderne-quantique%2F&#038;media=%2Fwp-content%2Fuploads%2Fsites%2F13%2F2018%2F10%2Fsurrealismo.jpg&#038;description=%5B%3Ait%5DSurrealismo%20Post-Moderno-Quantico%5B%3Aen%5DPostmodern%20Quantum%20Surrealism%5B%3Afr%5DSurr%C3%A9alisme%20Post-Moderne-Quantique%5B%3A%5D\" data-pin-do=\"buttonPin\" data-pin-config=\"beside\"><img src=\"https:\/\/i2.wp.com\/assets.pinterest.com\/images\/pidgets\/pinit_fg_en_rect_gray_20.png\" data-recalc-dims=\"1\" \/><\/a><\/div><\/li><li class=\"share-twitter\"><a href=\"https:\/\/twitter.com\/share\" class=\"twitter-share-button\" data-url=\"https:\/\/barbarapeonia.it\/en\/surrealisme-post-moderne-quantique\/\" data-text=\"Postmodern Quantum Surrealism\"  >Tweet<\/a><\/li><li class=\"share-email\"><a rel=\"nofollow noopener noreferrer\" data-shared=\"\" class=\"share-email sd-button\" href=\"https:\/\/barbarapeonia.it\/en\/surrealisme-post-moderne-quantique\/?share=email\" target=\"_blank\" title=\"Click to email this to a friend\"><span>Email<\/span><\/a><\/li><li class=\"share-end\"><\/li><\/ul><\/div><\/div><\/div>","protected":false},"excerpt":{"rendered":"<p>Through Postmodern Quantum Surrealism I try to express my constant research for a Greater and Profound Reality which runs parallel to the tied-to-time-and-space illusory reality. It is only through the deepest Intuition that we can access the Core of all things and the smallest Quantum of Energy, where the Universe\u2019s Noumenal information is contained. Therefore [&hellip;]<\/p>\n<div class=\"sharedaddy sd-sharing-enabled\"><div class=\"robots-nocontent sd-block sd-social sd-social-official sd-sharing\"><div class=\"sd-content\"><ul><li class=\"share-facebook\"><div class=\"fb-share-button\" data-href=\"https:\/\/barbarapeonia.it\/en\/surrealisme-post-moderne-quantique\/\" data-layout=\"button_count\"><\/div><\/li><li class=\"share-pinterest\"><div class=\"pinterest_button\"><a href=\"https:\/\/www.pinterest.com\/pin\/create\/button\/?url=https%3A%2F%2Fbarbarapeonia.it%2Fen%2Fsurrealisme-post-moderne-quantique%2F&#038;media=%2Fwp-content%2Fuploads%2Fsites%2F13%2F2018%2F10%2Fsurrealismo.jpg&#038;description=%5B%3Ait%5DSurrealismo%20Post-Moderno-Quantico%5B%3Aen%5DPostmodern%20Quantum%20Surrealism%5B%3Afr%5DSurr%C3%A9alisme%20Post-Moderne-Quantique%5B%3A%5D\" data-pin-do=\"buttonPin\" data-pin-config=\"beside\"><img src=\"\/\/assets.pinterest.com\/images\/pidgets\/pinit_fg_en_rect_gray_20.png\" \/><\/a><\/div><\/li><li class=\"share-twitter\"><a href=\"https:\/\/twitter.com\/share\" class=\"twitter-share-button\" data-url=\"https:\/\/barbarapeonia.it\/en\/surrealisme-post-moderne-quantique\/\" data-text=\"[:it]Surrealismo Post-Moderno-Quantico[:en]Postmodern Quantum Surrealism[:fr]Surr\u00e9alisme Post-Moderne-Quantique[:]\"  >Tweet<\/a><\/li><li class=\"share-email\"><a rel=\"nofollow noopener noreferrer\" data-shared=\"\" class=\"share-email sd-button\" href=\"https:\/\/barbarapeonia.it\/en\/surrealisme-post-moderne-quantique\/?share=email\" target=\"_blank\" title=\"Click to email this to a friend\"><span>Email<\/span><\/a><\/li><li class=\"share-end\"><\/li><\/ul><\/div><\/div><\/div>","protected":false},"author":1,"featured_media":0,"parent":0,"menu_order":0,"comment_status":"closed","ping_status":"closed","template":"","meta":{"om_disable_all_campaigns":false,"_monsterinsights_skip_tracking":false,"_monsterinsights_sitenote_active":false,"_monsterinsights_sitenote_note":"","_monsterinsights_sitenote_category":0,"ngg_post_thumbnail":0,"spay_email":""},"yoast_head":"<!-- This site is optimized with the Yoast SEO plugin v18.4.1 - https:\/\/yoast.com\/wordpress\/plugins\/seo\/ -->\n<title>Barbara Peonia &ndash; Surr\u00e9alisme Post-Moderne-Quantique<\/title>\n<meta name=\"description\" content=\"Comme d\u00e9j\u00e0 annonc\u00e9 proph\u00e9tiquement par Salvador Dal\u00ec &quot;la Peinture de l&#039;avenir examinera ce que les physiciens appellent Quantum d&#039;\u00e9nergie...&quot;\" \/>\n<meta name=\"robots\" content=\"index, follow, max-snippet:-1, max-image-preview:large, max-video-preview:-1\" \/>\n<link rel=\"canonical\" href=\"https:\/\/barbarapeonia.it\/surrealisme-post-moderne-quantique\/\" \/>\n<meta property=\"og:locale\" content=\"en_US\" \/>\n<meta property=\"og:type\" content=\"article\" \/>\n<meta property=\"og:title\" content=\"Barbara Peonia &ndash; Surr\u00e9alisme Post-Moderne-Quantique\" \/>\n<meta property=\"og:description\" content=\"Comme d\u00e9j\u00e0 annonc\u00e9 proph\u00e9tiquement par Salvador Dal\u00ec \u00ab la Peinture de l\u2019avenir examinera ce que les physiciens appellent Quantum d\u2019\u00e9nergie et elle sera une repr\u00e9sentation fid\u00e8le de la R\u00e9alit\u00e9 qui devra \u00eatre guid\u00e9e par une discontinuit\u00e9 de la mati\u00e8re. Le grand Artiste devra \u00eatre capable d\u2019assimiler le N\u00e9ant dans son \u0153uvre et l\u2019Art de l\u2019avenir donnera \u00e0 ce N\u00e9ant le souffle de la vie. \u00bb\" \/>\n<meta property=\"og:url\" content=\"https:\/\/barbarapeonia.it\/surrealisme-post-moderne-quantique\/\" \/>\n<meta property=\"og:site_name\" content=\"Barbara Peonia\" \/>\n<meta property=\"article:publisher\" content=\"https:\/\/www.facebook.com\/profile.php?id=100009166722767\" \/>\n<meta property=\"article:modified_time\" content=\"2018-10-05T15:35:03+00:00\" \/>\n<meta property=\"og:image\" content=\"https:\/\/barbarapeonia.it\/wp-content\/uploads\/sites\/13\/2018\/10\/surrealismo.jpg\" \/>\n<meta name=\"twitter:card\" content=\"summary\" \/>\n<meta name=\"twitter:title\" content=\"Surr\u00e9alisme Post-Moderne-Quantique\" \/>\n<meta name=\"twitter:label1\" content=\"Est. reading time\" \/>\n\t<meta name=\"twitter:data1\" content=\"3 minutes\" \/>\n<script type=\"application\/ld+json\" class=\"yoast-schema-graph\">{\"@context\":\"https:\/\/schema.org\",\"@graph\":[{\"@type\":\"WebSite\",\"@id\":\"https:\/\/barbarapeonia.it\/#website\",\"url\":\"https:\/\/barbarapeonia.it\/\",\"name\":\"Barbara Peonia\",\"description\":\"\",\"potentialAction\":[{\"@type\":\"SearchAction\",\"target\":{\"@type\":\"EntryPoint\",\"urlTemplate\":\"https:\/\/barbarapeonia.it\/?s={search_term_string}\"},\"query-input\":\"required name=search_term_string\"}],\"inLanguage\":\"en-US\"},{\"@type\":\"ImageObject\",\"@id\":\"https:\/\/barbarapeonia.it\/surrealisme-post-moderne-quantique\/#primaryimage\",\"inLanguage\":\"en-US\",\"url\":\"\/wp-content\/uploads\/sites\/13\/2018\/10\/surrealismo.jpg\",\"contentUrl\":\"\/wp-content\/uploads\/sites\/13\/2018\/10\/surrealismo.jpg\"},{\"@type\":\"WebPage\",\"@id\":\"https:\/\/barbarapeonia.it\/surrealisme-post-moderne-quantique\/#webpage\",\"url\":\"https:\/\/barbarapeonia.it\/surrealisme-post-moderne-quantique\/\",\"name\":\"Barbara Peonia &ndash; Surr\u00e9alisme Post-Moderne-Quantique\",\"isPartOf\":{\"@id\":\"https:\/\/barbarapeonia.it\/#website\"},\"primaryImageOfPage\":{\"@id\":\"https:\/\/barbarapeonia.it\/surrealisme-post-moderne-quantique\/#primaryimage\"},\"datePublished\":\"2015-07-28T15:54:26+00:00\",\"dateModified\":\"2018-10-05T15:35:03+00:00\",\"description\":\"Comme d\u00e9j\u00e0 annonc\u00e9 proph\u00e9tiquement par Salvador Dal\u00ec \\\"la Peinture de l'avenir examinera ce que les physiciens appellent Quantum d'\u00e9nergie...\\\"\",\"breadcrumb\":{\"@id\":\"https:\/\/barbarapeonia.it\/surrealisme-post-moderne-quantique\/#breadcrumb\"},\"inLanguage\":\"en-US\",\"potentialAction\":[{\"@type\":\"ReadAction\",\"target\":[\"https:\/\/barbarapeonia.it\/surrealisme-post-moderne-quantique\/\"]}]},{\"@type\":\"BreadcrumbList\",\"@id\":\"https:\/\/barbarapeonia.it\/surrealisme-post-moderne-quantique\/#breadcrumb\",\"itemListElement\":[{\"@type\":\"ListItem\",\"position\":1,\"name\":\"Home\",\"item\":\"https:\/\/barbarapeonia.it\/\"},{\"@type\":\"ListItem\",\"position\":2,\"name\":\"Surr\u00e9alisme Post-Moderne-Quantique\"}]}]}<\/script>\n<!-- \/ Yoast SEO plugin. -->","yoast_head_json":{"title":"Barbara Peonia &ndash; Surr\u00e9alisme Post-Moderne-Quantique","description":"Comme d\u00e9j\u00e0 annonc\u00e9 proph\u00e9tiquement par Salvador Dal\u00ec \"la Peinture de l'avenir examinera ce que les physiciens appellent Quantum d'\u00e9nergie...\"","robots":{"index":"index","follow":"follow","max-snippet":"max-snippet:-1","max-image-preview":"max-image-preview:large","max-video-preview":"max-video-preview:-1"},"canonical":"https:\/\/barbarapeonia.it\/surrealisme-post-moderne-quantique\/","og_locale":"en_US","og_type":"article","og_title":"Barbara Peonia &ndash; Surr\u00e9alisme Post-Moderne-Quantique","og_description":"Comme d\u00e9j\u00e0 annonc\u00e9 proph\u00e9tiquement par Salvador Dal\u00ec \u00ab la Peinture de l\u2019avenir examinera ce que les physiciens appellent Quantum d\u2019\u00e9nergie et elle sera une repr\u00e9sentation fid\u00e8le de la R\u00e9alit\u00e9 qui devra \u00eatre guid\u00e9e par une discontinuit\u00e9 de la mati\u00e8re. Le grand Artiste devra \u00eatre capable d\u2019assimiler le N\u00e9ant dans son \u0153uvre et l\u2019Art de l\u2019avenir donnera \u00e0 ce N\u00e9ant le souffle de la vie. \u00bb","og_url":"https:\/\/barbarapeonia.it\/surrealisme-post-moderne-quantique\/","og_site_name":"Barbara Peonia","article_publisher":"https:\/\/www.facebook.com\/profile.php?id=100009166722767","article_modified_time":"2018-10-05T15:35:03+00:00","og_image":[{"url":"https:\/\/barbarapeonia.it\/wp-content\/uploads\/sites\/13\/2018\/10\/surrealismo.jpg"}],"twitter_card":"summary","twitter_title":"Surr\u00e9alisme Post-Moderne-Quantique","twitter_misc":{"Est. reading time":"3 minutes"},"schema":{"@context":"https:\/\/schema.org","@graph":[{"@type":"WebSite","@id":"https:\/\/barbarapeonia.it\/#website","url":"https:\/\/barbarapeonia.it\/","name":"Barbara Peonia","description":"","potentialAction":[{"@type":"SearchAction","target":{"@type":"EntryPoint","urlTemplate":"https:\/\/barbarapeonia.it\/?s={search_term_string}"},"query-input":"required name=search_term_string"}],"inLanguage":"en-US"},{"@type":"ImageObject","@id":"https:\/\/barbarapeonia.it\/surrealisme-post-moderne-quantique\/#primaryimage","inLanguage":"en-US","url":"\/wp-content\/uploads\/sites\/13\/2018\/10\/surrealismo.jpg","contentUrl":"\/wp-content\/uploads\/sites\/13\/2018\/10\/surrealismo.jpg"},{"@type":"WebPage","@id":"https:\/\/barbarapeonia.it\/surrealisme-post-moderne-quantique\/#webpage","url":"https:\/\/barbarapeonia.it\/surrealisme-post-moderne-quantique\/","name":"Barbara Peonia &ndash; Surr\u00e9alisme Post-Moderne-Quantique","isPartOf":{"@id":"https:\/\/barbarapeonia.it\/#website"},"primaryImageOfPage":{"@id":"https:\/\/barbarapeonia.it\/surrealisme-post-moderne-quantique\/#primaryimage"},"datePublished":"2015-07-28T15:54:26+00:00","dateModified":"2018-10-05T15:35:03+00:00","description":"Comme d\u00e9j\u00e0 annonc\u00e9 proph\u00e9tiquement par Salvador Dal\u00ec \"la Peinture de l'avenir examinera ce que les physiciens appellent Quantum d'\u00e9nergie...\"","breadcrumb":{"@id":"https:\/\/barbarapeonia.it\/surrealisme-post-moderne-quantique\/#breadcrumb"},"inLanguage":"en-US","potentialAction":[{"@type":"ReadAction","target":["https:\/\/barbarapeonia.it\/surrealisme-post-moderne-quantique\/"]}]},{"@type":"BreadcrumbList","@id":"https:\/\/barbarapeonia.it\/surrealisme-post-moderne-quantique\/#breadcrumb","itemListElement":[{"@type":"ListItem","position":1,"name":"Home","item":"https:\/\/barbarapeonia.it\/"},{"@type":"ListItem","position":2,"name":"Surr\u00e9alisme Post-Moderne-Quantique"}]}]}},"jetpack_sharing_enabled":true,"jetpack_shortlink":"https:\/\/wp.me\/P8OyqA-9e","_links":{"self":[{"href":"https:\/\/barbarapeonia.it\/en\/wp-json\/wp\/v2\/pages\/572"}],"collection":[{"href":"https:\/\/barbarapeonia.it\/en\/wp-json\/wp\/v2\/pages"}],"about":[{"href":"https:\/\/barbarapeonia.it\/en\/wp-json\/wp\/v2\/types\/page"}],"author":[{"embeddable":true,"href":"https:\/\/barbarapeonia.it\/en\/wp-json\/wp\/v2\/users\/1"}],"replies":[{"embeddable":true,"href":"https:\/\/barbarapeonia.it\/en\/wp-json\/wp\/v2\/comments?post=572"}],"version-history":[{"count":48,"href":"https:\/\/barbarapeonia.it\/en\/wp-json\/wp\/v2\/pages\/572\/revisions"}],"predecessor-version":[{"id":1427,"href":"https:\/\/barbarapeonia.it\/en\/wp-json\/wp\/v2\/pages\/572\/revisions\/1427"}],"wp:attachment":[{"href":"https:\/\/barbarapeonia.it\/en\/wp-json\/wp\/v2\/media?parent=572"}],"curies":[{"name":"wp","href":"https:\/\/api.w.org\/{rel}","templated":true}]}}